{"id":1693,"date":"2021-11-04T01:29:18","date_gmt":"2021-11-04T00:29:18","guid":{"rendered":"https:\/\/muzej-semic.si\/?page_id=1693"},"modified":"2025-04-15T10:46:25","modified_gmt":"2025-04-15T08:46:25","slug":"about-us","status":"publish","type":"page","link":"https:\/\/muzej-semic.si\/en\/about-us\/","title":{"rendered":"About us"},"content":{"rendered":"<p><section class=\"kc-elm kc-css-333821 kc_row\"><div class=\"kc-row-container  kc-container\"><div class=\"kc-wrap-columns\"><div class=\"kc-elm kc-css-564382 kc_col-sm-12 kc_column kc_col-sm-12\"><div class=\"kc-col-container\"><div class=\"kc-elm kc-css-488633\" style=\"height: 20px; clear: both; width:100%;\"><\/div><div class=\"kc-elm kc-css-940937 kc_text_block\"><\/p>\n<h3 style=\"text-align: center;\"><a href=\"#cas\">Opening hours<\/a>\u00a0 | \u00a0<a href=\"#vstopnina\">Tickets<\/a>\u00a0 |\u00a0 <a href=\"#zgodovina\">History<\/a>\u00a0 |\u00a0 <a href=\"#dostop\">Accessibility<\/a>\u00a0 |\u00a0 <a href=\"#nas\">How to find us?<\/a><\/h3>\n<hr \/>\n<p>\n<\/div><\/div><\/div><\/div><\/div><\/section><section class=\"kc-elm kc-css-873965 kc_row\"><div class=\"kc-row-container  kc-container\"><div class=\"kc-wrap-columns\"><div class=\"kc-elm kc-css-969717 kc_col-sm-6 kc_column kc_col-sm-6\"><div class=\"kc-col-container\"><div class=\"kc-elm kc-css-308564 kc_text_block\"><\/p>\n<div class=\"plan-visit__block-title\">\n<h2 id=\"cas\" class=\"plan-visit__block-title__title\">Opening hours of the Museum house<\/h2>\n<\/div>\n<h3 class=\"plan-visit__subtitle\">Working hours (16. 9 \u2013 14. 6)<\/h3>\n<p>Tue. &#8211; Fri. : 08:00 &#8211; 16:00<\/p>\n<p>Sat. : 09:00 &#8211; 13:00<\/p>\n<p>Mon., Sun., holidays: Closed<\/p>\n<h3 class=\"plan-visit__subtitle\">Summer time (15.6. &#8211; 15.9.)<\/h3>\n<p>Tue. &#8211; Fri. : 08:00 &#8211; 18:00<\/p>\n<p>Sat. : 09:00 to 15:00<\/p>\n<p>Sun. and holidays: 10.00 &#8211; 14.00<\/p>\n<p>Mon. : Closed<\/p>\n<p dir=\"ltr\" style=\"line-height: 1.295; margin-top: 0pt; margin-bottom: 8pt;\"><span style=\"color: #000000; font-family: Arial;\"><span style=\"font-size: 16px; white-space: pre-wrap;\">\u00a0<\/span><\/span><\/p>\n<p>\n<\/div><\/div><\/div><div class=\"kc-elm kc-css-215498 kc_col-sm-6 kc_column kc_col-sm-6\"><div class=\"kc-col-container\"><div class=\"kc-elm kc-css-133964 kc_text_block\"><\/p>\n<div class=\"plan-visit__block-title\">\n<h2 id=\"cas\" class=\"plan-visit__block-title__title\">Contact:<\/h2>\n<\/div>\n<p class=\"plan-visit__subtitle\">07\/35 65 200 &amp; 030 722 043<br \/>\ne-mail: <a href=\"mailto:muzej@kc-semic.si\">muzej@kc-semic.si<\/a><\/p>\n<p>\n<\/div><\/div><\/div><\/div><\/div><\/section><section data-kc-fullwidth=\"row\" class=\"kc-elm kc-css-204290 kc_row\"><div class=\"kc-row-container  kc-container\"><div class=\"kc-wrap-columns\"><div class=\"kc-elm kc-css-662775 kc_col-sm-12 kc_column kc_col-sm-12\"><div class=\"kc-col-container\"><div class=\"kc-elm kc-css-277416 kc_text_block\"><\/p>\n<hr \/>\n<div class=\"plan-visit__block-title\">\n<h2 class=\"plan-visit__block-title__title\">Tickets<\/h2>\n<\/div>\n<p>\n<\/div><div class=\"kc-elm kc-css-481581 kc_accordion_wrapper\">\n<div class=\"kc-elm kc-css-559694 kc_accordion_section group \"><h3 class=\"kc_accordion_header ui-accordion-header\"><span class=\"ui-accordion-header-icon ui-icon\"><\/span><a href=\"#individual-visitors\" data-prevent=\"scroll\"><i class=\"et-profile-male\"><\/i> Individual visitors<\/a><\/h3><div class=\"kc_accordion_content ui-accordion-content kc_clearfix\"><div class=\"kc-panel-body\"><div class=\"kc-elm kc-css-137340 kc_text_block\"><\/p>\n<table id=\"vstopnina\">\n<tbody>\n<tr>\n<td>Adults<\/td>\n<td colspan=\"2\">4,00 \u20ac<\/td>\n<\/tr>\n<tr>\n<td>Seniors<\/td>\n<td colspan=\"2\">3,50 \u20ac<\/td>\n<\/tr>\n<tr>\n<td>School children, high school, students<\/td>\n<td colspan=\"2\">3,00 \u20ac<\/td>\n<\/tr>\n<tr>\n<td>Families<\/td>\n<td colspan=\"2\">8,00 \u20ac<\/td>\n<\/tr>\n<\/tbody>\n<\/table>\n<div><\/div>\n<div><\/div>\n<div>THE PRICE LIST IS VALID FROM 1 JANUARY 2021<\/div>\n<p>\n<\/div><\/div><\/div><\/div><div class=\"kc-elm kc-css-284238 kc_accordion_section group \"><h3 class=\"kc_accordion_header ui-accordion-header\"><span class=\"ui-accordion-header-icon ui-icon\"><\/span><a href=\"#groups\" data-prevent=\"scroll\"><i class=\"sl-people\"><\/i> Groups<\/a><\/h3><div class=\"kc_accordion_content ui-accordion-content kc_clearfix\"><div class=\"kc-panel-body\"><div class=\"kc-elm kc-css-288824 kc_text_block\"><\/p>\n<p>Not guided:<\/p>\n<table>\n<tbody>\n<tr>\n<td>Adults<\/td>\n<td colspan=\"2\">3,50 \u20ac<\/td>\n<\/tr>\n<tr>\n<td>Seniors<\/td>\n<td colspan=\"2\">3,00 \u20ac<\/td>\n<\/tr>\n<tr>\n<td>School children, high school, students<\/td>\n<td colspan=\"2\">2,50 \u20ac<\/td>\n<\/tr>\n<\/tbody>\n<\/table>\n<p>Guided<\/p>\n<table>\n<tbody>\n<tr>\n<td>Adults<\/td>\n<td colspan=\"2\">4,00 \u20ac<\/td>\n<\/tr>\n<tr>\n<td>Seniors<\/td>\n<td colspan=\"2\">3,50 \u20ac<\/td>\n<\/tr>\n<tr>\n<td>School children, high school, students<\/td>\n<td colspan=\"2\">3,00 \u20ac<\/td>\n<\/tr>\n<\/tbody>\n<\/table>\n<div>\n<div>\n<div>\n<div><i>*<b>Groups of less than 10 people<\/b><span style=\"font-weight: 600;\">: 40,00 \u20ac<\/span><\/i><\/div>\n<\/div>\n<\/div>\n<\/div>\n<p>THE PRICE LIST IS VALID FROM 1 JANUARY 2021<\/p>\n<p>\n<\/div><\/div><\/div><\/div><div class=\"kc-elm kc-css-630052 kc_accordion_section group \"><h3 class=\"kc_accordion_header ui-accordion-header\"><span class=\"ui-accordion-header-icon ui-icon\"><\/span><a href=\"#free-entry\" data-prevent=\"scroll\"><i class=\"fa-euro-sign\"><\/i> Free entry<\/a><\/h3><div class=\"kc_accordion_content ui-accordion-content kc_clearfix\"><div class=\"kc-panel-body\"><div class=\"kc-elm kc-css-388126 kc_text_block\"><\/p>\n<p><strong>Admission free:<\/strong><br \/>\n\u2013\u00a0Members of the Bela Krajina Museum Society<br \/>\n\u2013 Members of the Slovenian Museum Society<br \/>\n\u2013 Members of ICOM<br \/>\n\u2013 Members of ICOMOS<br \/>\n\u2013 Journalists<br \/>\n\u2013 Pre-school children<br \/>\n\u2013 Visitors with special needs<br \/>\n\u2013 The Unemployed (with a certificate)<\/p>\n<p><strong>Admission free for individual visitors:<\/strong><br \/>\n\u2013 8 February (Slovenia&#8217;s National Day of Culture)<br \/>\n\u2013 18 May (International Museum Day)<br \/>\n\u2013 27 September (World Tourism Day)<br \/>\n\u2013 3 December (This Merry Day of Culture)<\/p>\n<p>\n<\/div><\/div><\/div><\/div><\/div>\n<div class=\"kc-elm kc-css-500956 kc_text_block\"><\/p>\n<hr \/>\n<div class=\"plan-visit__block-title\">\n<h2 id=\"zgodovina\" class=\"plan-visit__block-title__title\">The history of the museum house<\/h2>\n<p>The Museum House Semi\u010d building boasts a lively past. It was built in 1838 as the first school structure in our town. It served as a cradle of knowledge until 1931, when a new, larger primary school was built in Semi\u010d.<br \/>\nDuring World War II, it was the location of various educational programmes for partisan fighters: the school for leaders of the League of Communist Youth of Yugoslavia, the first course for propagandists and correspondents, and the school for national defence.<br \/>\nIt went on to house the local field administration office, the medical station, police station, and post office, until it became used as a residential building in the 1960s.<br \/>\nIn 1973, it was the location of the ceremonious opening of the Town Museum Collection Semi\u010d with the then director of the Bela Krajina Museum, Metlika Jo\u017ee Dular as keynote speaker. On this occasion, the museum collection became a branch unit of the Bela Krajina Museum, Metlika, which it remains to this day.<br \/>\nIn 2019, the Semi\u010d Museum was entirely renovated in the framework of the Misterion project. The building and activities in the museum are run by Kulturni center Semi\u010d (Semi\u010d Cultural Centre), the viticulture and history collections are maintained by the Bela Krajina Museum, Metlika, and the natural history collection is in the care of the Slovenian Museum of Natural History and the Municipality of Semi\u010d.<\/p>\n<\/div>\n<p>\n<\/div><div class=\"kc-image-gallery kc-elm kc-css-890573\">\n<div class=\"kc_image_gallery kc-carousel-image kc-grid \" data-image_masonry=\"yes\">\n<div class=\"item-grid grid-3\"><a class=\"kc-image-link kc-pretty-photo\" data-lightbox=\"kc-lightbox\" rel=\"kc-pretty-photo[18488650]\" href=\"https:\/\/muzej-semic.si\/wp-content\/uploads\/2021\/11\/OSNOVNI-PODATKI-bela-krajina-semic-v-starih-cajtih-02.jpg\"><img decoding=\"async\" src=\"https:\/\/muzej-semic.si\/wp-content\/uploads\/2021\/11\/OSNOVNI-PODATKI-bela-krajina-semic-v-starih-cajtih-02-300x194.jpg\" alt=\"\"\/><\/a><\/div><div class=\"item-grid grid-3\"><a class=\"kc-image-link kc-pretty-photo\" data-lightbox=\"kc-lightbox\" rel=\"kc-pretty-photo[18488650]\" href=\"https:\/\/muzej-semic.si\/wp-content\/uploads\/2021\/10\/OSNOVNI-PODATKI-muzejska-hisa-semic-1-belakrajina1.jpg\"><img decoding=\"async\" src=\"https:\/\/muzej-semic.si\/wp-content\/uploads\/2021\/10\/OSNOVNI-PODATKI-muzejska-hisa-semic-1-belakrajina1-300x200.jpg\" alt=\"\"\/><\/a><\/div><div class=\"item-grid grid-3\"><a class=\"kc-image-link kc-pretty-photo\" data-lightbox=\"kc-lightbox\" rel=\"kc-pretty-photo[18488650]\" href=\"https:\/\/muzej-semic.si\/wp-content\/uploads\/2021\/11\/2020-Novina-37-scaled.jpg\"><img decoding=\"async\" src=\"https:\/\/muzej-semic.si\/wp-content\/uploads\/2021\/11\/2020-Novina-37-300x200.jpg\" alt=\"\"\/><\/a><\/div><\/div>\n<\/div><div class=\"kc-elm kc-css-188321 kc_text_block\"><\/p>\n<hr \/>\n<div class=\"plan-visit__block-title\">\n<h2 class=\"plan-visit__block-title__title\">Museum house Semi\u010d&#8217;s mission<\/h2>\n<\/div>\n<p>The Museum House Semi\u010d building is innovatively designed and houses a clever combination of Semi\u010d\u2019s cultural heritage and the natural resources from all of the Bela krajina region.<br \/>\nThe history and viticulture exhibitions reveal several thousand years\u2019 worth of activities in Semi\u010d and its immediate surroundings, significantly contributing to our understanding and knowledge of the local identity and traditions and their numerous endemic features. The carefully chosen museum pieces give visitors a sense of the hardships and successes in the lives of the Semi\u010d townspeople across different time-periods.<br \/>\nThe natural history collection covers the entire Bela krajina region and accentuates all of the area\u2019s natural features: minerals, animal life, vegetation, and waters. The collection familiarises the general public with the special features and wonders of the karstic landscape and increases awareness about the exceptional importance of preserving water sources in the vulnerable karstic environment.<br \/>\nAll three collections excel at bringing various educational content to children, young people, and adults. This promotes a culture of living of a higher level and the awareness of how inevitably our past, present, and future intertwine.<\/p>\n<p>\n<\/div><div class=\"kc-elm kc-css-91369 kc_text_block\"><\/p>\n<div class=\"plan-visit__block-title\">\n<h2 id=\"nas\" class=\"plan-visit__block-title__title\">Getting here<\/h2>\n<\/div>\n<p>The museum is located in the centre of the market town of Semi\u010d at St Stephen\u2019s Church, which is visible from afar on all sides. Semi\u010d is 96 km away from Ljubljana and 30 km away from Novo mesto. You can visit us by <a href=\"https:\/\/potniski.sz.si\/vozni-red\/?action=timetables_search&amp;current-language=sl&amp;departure-date=&amp;entry-station=42507&amp;exit-station=42300\" rel=\"nofollow noopener\" target=\"_blank\">train<\/a> or <a href=\"http:\/\/www.mpov.si\/mpov_vozni_redi.html\" rel=\"nofollow noopener\" target=\"_blank\">bus<\/a>. However, the most comfortable way of getting here is by car. You can take the Ljubljana \u2013 Novo mesto motorway and continue from Novo mesto across the Gorjanci hill range to Jugorje and Semi\u010d; alternatively, you can take the exit already in Ivan\u010dna Gorica, and continue on to Semi\u010d via \u017du\u017eemberk, Dolenjske Toplice, and \u010crmo\u0161njice.<br \/>\n<img loading=\"lazy\" decoding=\"async\" class=\"aligncenter\" src=\"https:\/\/muzej-semic.si\/wp-content\/uploads\/2021\/10\/Naslovna-stran-vhod-v-MHS.jpeg\" alt=\"\" width=\"295\" height=\"441\" \/><\/p>\n<p>\n<\/div><div class=\"kc-elm kc-css-99540 kc_text_block\"><\/p>\n<hr \/>\n<div class=\"plan-visit__block-title\">\n<h2 id=\"dostop\" class=\"plan-visit__block-title__title\">Accessibility<\/h2>\n<\/div>\n<p>The Museum House is easily accessible to persons with reduced mobility. Parking reserved for persons with reduced mobility is available right next to the museum. The viticulture collection is accessible from the ground floor via a linear hallway, while the history and art history collections are accessible by lift and set up for unobstructed exploration. A toilet for the disabled is available on the ground floor. Welcome!<\/p>\n<p>\n<\/div><\/div><\/div><\/div><\/div><\/section><section class=\"kc-elm kc-css-426413 kc_row\"><div class=\"kc-row-container  kc-container\"><div class=\"kc-wrap-columns\"><\/div><\/div><\/section><\/p>\n","protected":false},"excerpt":{"rendered":"","protected":false},"author":1,"featured_media":0,"parent":0,"menu_order":0,"comment_status":"closed","ping_status":"closed","template":"tpl-king_composer.php","meta":{"footnotes":""},"class_list":["post-1693","page","type-page","status-publish","hentry"],"_links":{"self":[{"href":"https:\/\/muzej-semic.si\/en\/wp-json\/wp\/v2\/pages\/1693","targetHints":{"allow":["GET"]}}],"collection":[{"href":"https:\/\/muzej-semic.si\/en\/wp-json\/wp\/v2\/pages"}],"about":[{"href":"https:\/\/muzej-semic.si\/en\/wp-json\/wp\/v2\/types\/page"}],"author":[{"embeddable":true,"href":"https:\/\/muzej-semic.si\/en\/wp-json\/wp\/v2\/users\/1"}],"replies":[{"embeddable":true,"href":"https:\/\/muzej-semic.si\/en\/wp-json\/wp\/v2\/comments?post=1693"}],"version-history":[{"count":5,"href":"https:\/\/muzej-semic.si\/en\/wp-json\/wp\/v2\/pages\/1693\/revisions"}],"predecessor-version":[{"id":3399,"href":"https:\/\/muzej-semic.si\/en\/wp-json\/wp\/v2\/pages\/1693\/revisions\/3399"}],"wp:attachment":[{"href":"https:\/\/muzej-semic.si\/en\/wp-json\/wp\/v2\/media?parent=1693"}],"curies":[{"name":"wp","href":"https:\/\/api.w.org\/{rel}","templated":true}]}}