{"id":1699,"date":"2021-11-04T02:12:55","date_gmt":"2021-11-04T01:12:55","guid":{"rendered":"https:\/\/muzej-semic.si\/?page_id=1699"},"modified":"2021-11-25T08:28:05","modified_gmt":"2021-11-25T07:28:05","slug":"wine-shop","status":"publish","type":"page","link":"https:\/\/muzej-semic.si\/en\/wine-shop\/","title":{"rendered":"Wine Shop"},"content":{"rendered":"<p><section class=\"kc-elm kc-css-293721 kc_row\"><div class=\"kc-row-container  kc-container\"><div class=\"kc-wrap-columns\"><div class=\"kc-elm kc-css-846277 kc_col-sm-12 kc_column kc_col-sm-12\"><div class=\"kc-col-container\"><div class=\"kc-elm kc-css-260875 kc_text_block\"><\/p>\n<h2 id=\"cas\" class=\"plan-visit__block-title__title\">About the wine shop<\/h2>\n<div>\u00a0<\/div>\n<p>The Semi\u010d Wine Shop is a venue offerred to visitors by the Association of Semi\u010d Winegrowers. It hosts tastings of Semi\u010d and other town&#039;s wines in Bela Krajina. The winegrowers also take part in the tourist project Open Door Days in Bela Krajina: Every Friday during the summer the association organizes enjoyable evening events where local Semi\u010d winegrowers and other winemakers from Bela Krajina offer their products to wine lovers. The association organizes at least three annual social events dedicated to wine, such as the evening of ros\u00e9 or yellow muskat from Bela Krajina. The most important winemakers&#039; holiday is St Martin&#039;s Day when must turns into wine. At that time they organize wine competitions and award the best ones. The association will also host and prepare wine tastings with advance reservations.<\/p>\n<p>\n<\/div><\/div><\/div><\/div><\/div><\/section><section class=\"kc-elm kc-css-775365 kc_row\"><div class=\"kc-row-container  kc-container\"><div class=\"kc-wrap-columns\"><div class=\"kc-elm kc-css-964786 kc_col-sm-12 kc_column kc_col-sm-12\"><div class=\"kc-col-container\"><div class=\"kc-image-gallery kc-elm kc-css-738253\">\n<div class=\"kc_image_gallery kc-carousel-image kc-grid \" data-image_masonry=\"yes\">\n<div class=\"item-grid grid-3\"><img decoding=\"async\" src=\"https:\/\/muzej-semic.si\/wp-content\/uploads\/2021\/11\/Vinoteka-Uros-R.-scaled.jpg\" alt=\"\"\/><\/div><div class=\"item-grid grid-3\"><img decoding=\"async\" src=\"https:\/\/muzej-semic.si\/wp-content\/uploads\/2021\/11\/Vinoteka-Uros-R.-2-1-scaled.jpg\" alt=\"\"\/><\/div><div class=\"item-grid grid-3\"><img decoding=\"async\" src=\"https:\/\/muzej-semic.si\/wp-content\/uploads\/2021\/11\/Vinoteka-Uros-R.-1-scaled.jpg\" alt=\"\"\/><\/div><div class=\"item-grid grid-3\"><img decoding=\"async\" src=\"https:\/\/muzej-semic.si\/wp-content\/uploads\/2021\/11\/20210601_semic_muzej-889.jpg\" alt=\"\"\/><\/div><div class=\"item-grid grid-3\"><img decoding=\"async\" src=\"https:\/\/muzej-semic.si\/wp-content\/uploads\/2021\/11\/20210601_semic_muzej-841-2.jpg\" alt=\"\"\/><\/div><div class=\"item-grid grid-3\"><img decoding=\"async\" src=\"https:\/\/muzej-semic.si\/wp-content\/uploads\/2021\/11\/20210601_semic_muzej-785.jpg\" alt=\"\"\/><\/div><div class=\"item-grid grid-3\"><img decoding=\"async\" src=\"https:\/\/muzej-semic.si\/wp-content\/uploads\/2021\/11\/20210601_semic_muzej-753.jpg\" alt=\"\"\/><\/div><div class=\"item-grid grid-3\"><img decoding=\"async\" src=\"https:\/\/muzej-semic.si\/wp-content\/uploads\/2021\/11\/2021-vinoteka-Loncaric-2-scaled.jpg\" alt=\"\"\/><\/div><div class=\"item-grid grid-3\"><img decoding=\"async\" src=\"https:\/\/muzej-semic.si\/wp-content\/uploads\/2021\/11\/2020-vecer-rosjev-Novina-6-scaled.jpg\" alt=\"\"\/><\/div><div class=\"item-grid grid-3\"><img decoding=\"async\" src=\"https:\/\/muzej-semic.si\/wp-content\/uploads\/2021\/11\/2020-Penine-Novina-22-scaled.jpg\" alt=\"\"\/><\/div><div class=\"item-grid grid-3\"><img decoding=\"async\" src=\"https:\/\/muzej-semic.si\/wp-content\/uploads\/2021\/11\/2020-Penine-Novina-15-scaled.jpg\" alt=\"\"\/><\/div><div class=\"item-grid grid-3\"><img decoding=\"async\" src=\"https:\/\/muzej-semic.si\/wp-content\/uploads\/2021\/11\/2020-Penine-Novina-13-scaled.jpg\" alt=\"\"\/><\/div><div class=\"item-grid grid-3\"><img decoding=\"async\" src=\"https:\/\/muzej-semic.si\/wp-content\/uploads\/2021\/11\/2020-Penine-Novina-6-scaled.jpg\" alt=\"\"\/><\/div><\/div>\n<\/div><\/div><\/div><\/div><\/div><\/section><section class=\"kc-elm kc-css-397376 kc_row\"><div class=\"kc-row-container  kc-container\"><div class=\"kc-wrap-columns\"><div class=\"kc-elm kc-css-430361 kc_col-sm-12 kc_column kc_col-sm-12\"><div class=\"kc-col-container\"><div class=\"kc-contact-form7 kc-elm kc-css-422576\"><h2>Send inquiry<\/h2>\n<div class=\"wpcf7 no-js\" id=\"wpcf7-f2105-o1\" lang=\"en-US\" dir=\"ltr\" data-wpcf7-id=\"2105\">\n<div class=\"screen-reader-response\"><p role=\"status\" aria-live=\"polite\" aria-atomic=\"true\"><\/p> <ul><\/ul><\/div>\n<form action=\"\/en\/wp-json\/wp\/v2\/pages\/1699#wpcf7-f2105-o1\" method=\"post\" class=\"wpcf7-form init\" aria-label=\"Contact form\" novalidate=\"novalidate\" data-status=\"init\">\n<fieldset class=\"hidden-fields-container\"><input type=\"hidden\" name=\"_wpcf7\" value=\"2105\" \/><input type=\"hidden\" name=\"_wpcf7_version\" value=\"6.1.5\" \/><input type=\"hidden\" name=\"_wpcf7_locale\" value=\"en_US\" \/><input type=\"hidden\" name=\"_wpcf7_unit_tag\" value=\"wpcf7-f2105-o1\" \/><input type=\"hidden\" name=\"_wpcf7_container_post\" value=\"0\" \/><input type=\"hidden\" name=\"_wpcf7_posted_data_hash\" value=\"\" \/>\n<\/fieldset>\n<div class=\"row\">\n\t<div class=\"col-lg-6\">\n\t\t<p class=\"contact-one__field\"><br \/>\n<span class=\"wpcf7-form-control-wrap\" data-name=\"text-815\"><input size=\"40\" maxlength=\"400\" class=\"wpcf7-form-control wpcf7-text wpcf7-validates-as-required\" aria-required=\"true\" aria-invalid=\"false\" placeholder=\"Name\" value=\"\" type=\"text\" name=\"text-815\" \/><\/span>\n\t\t<\/p>\n\t<\/div>\n\t<div class=\"col-lg-6\">\n\t\t<p class=\"contact-one__field\"><br \/>\n<span class=\"wpcf7-form-control-wrap\" data-name=\"text-816\"><input size=\"40\" maxlength=\"400\" class=\"wpcf7-form-control wpcf7-text wpcf7-validates-as-required\" aria-required=\"true\" aria-invalid=\"false\" placeholder=\"Surname\" value=\"\" type=\"text\" name=\"text-816\" \/><\/span>\n\t\t<\/p>\n\t<\/div>\n\t<div class=\"col-lg-6\">\n\t\t<p class=\"contact-one__field\"><br \/>\n<span class=\"wpcf7-form-control-wrap\" data-name=\"email-578\"><input size=\"40\" maxlength=\"400\" class=\"wpcf7-form-control wpcf7-email wpcf7-validates-as-required wpcf7-text wpcf7-validates-as-email\" aria-required=\"true\" aria-invalid=\"false\" placeholder=\"E-mail\" value=\"\" type=\"email\" name=\"email-578\" \/><\/span>\n\t\t<\/p>\n\t<\/div>\n\t<div class=\"col-lg-6\">\n\t\t<p class=\"contact-one__field\"><br \/>\n<span class=\"wpcf7-form-control-wrap\" data-name=\"text-817\"><input size=\"40\" maxlength=\"400\" class=\"wpcf7-form-control wpcf7-text\" aria-invalid=\"false\" placeholder=\"Phone\" value=\"\" type=\"text\" name=\"text-817\" \/><\/span>\n\t\t<\/p>\n\t<\/div>\n\t<div class=\"col-lg-12\">\n\t\t<p class=\"contact-one__field\"><br \/>\n<span class=\"wpcf7-form-control-wrap\" data-name=\"text-818\"><input size=\"40\" maxlength=\"400\" class=\"wpcf7-form-control wpcf7-text\" aria-invalid=\"false\" placeholder=\"Subject\" value=\"\" type=\"text\" name=\"text-818\" \/><\/span>\n\t\t<\/p>\n\t<\/div>\n\t<div class=\"col-lg-12\">\n\t\t<p class=\"contact-one__field\"><br \/>\n<span class=\"wpcf7-form-control-wrap\" data-name=\"textarea-861\"><textarea cols=\"40\" rows=\"10\" maxlength=\"2000\" class=\"wpcf7-form-control wpcf7-textarea\" aria-invalid=\"false\" placeholder=\"Message\" name=\"textarea-861\"><\/textarea><\/span>\n\t\t<\/p>\n\t\t<p><button type=\"submit\" class=\"thm-btn contact-one__btn\">Submit<\/button>\n\t\t<\/p>\n\t<\/div>\n<\/div><div class=\"wpcf7-response-output\" aria-hidden=\"true\"><\/div>\n<\/form>\n<\/div>\n<\/div><\/div><\/div><\/div><\/div><\/section><\/p>\n","protected":false},"excerpt":{"rendered":"","protected":false},"author":1,"featured_media":0,"parent":0,"menu_order":0,"comment_status":"closed","ping_status":"closed","template":"tpl-king_composer.php","meta":{"footnotes":""},"class_list":["post-1699","page","type-page","status-publish","hentry"],"_links":{"self":[{"href":"https:\/\/muzej-semic.si\/en\/wp-json\/wp\/v2\/pages\/1699","targetHints":{"allow":["GET"]}}],"collection":[{"href":"https:\/\/muzej-semic.si\/en\/wp-json\/wp\/v2\/pages"}],"about":[{"href":"https:\/\/muzej-semic.si\/en\/wp-json\/wp\/v2\/types\/page"}],"author":[{"embeddable":true,"href":"https:\/\/muzej-semic.si\/en\/wp-json\/wp\/v2\/users\/1"}],"replies":[{"embeddable":true,"href":"https:\/\/muzej-semic.si\/en\/wp-json\/wp\/v2\/comments?post=1699"}],"version-history":[{"count":0,"href":"https:\/\/muzej-semic.si\/en\/wp-json\/wp\/v2\/pages\/1699\/revisions"}],"wp:attachment":[{"href":"https:\/\/muzej-semic.si\/en\/wp-json\/wp\/v2\/media?parent=1699"}],"curies":[{"name":"wp","href":"https:\/\/api.w.org\/{rel}","templated":true}]}}