{"id":2907,"date":"2020-01-16T12:51:39","date_gmt":"2020-01-16T11:51:39","guid":{"rendered":"https:\/\/muzej-semic.si\/o-nas\/"},"modified":"2023-03-27T15:40:34","modified_gmt":"2023-03-27T13:40:34","slug":"o-nama","status":"publish","type":"page","link":"https:\/\/muzej-semic.si\/hr\/o-nama\/","title":{"rendered":"O nama"},"content":{"rendered":"<p><section class=\"kc-elm kc-css-42265 kc_row\"><div class=\"kc-row-container  kc-container\"><div class=\"kc-wrap-columns\"><div class=\"kc-elm kc-css-520820 kc_col-sm-12 kc_column kc_col-sm-12\"><div class=\"kc-col-container\"><div class=\"kc-elm kc-css-878008\" style=\"height: 20px; clear: both; width:100%;\"><\/div><div class=\"kc-elm kc-css-252521 kc_text_block .event-details .nav-tabs\"><\/p>\n<h3 style=\"text-align: center;\"><a href=\"#cas\">Radno vrijeme<\/a>\u00a0 | \u00a0<a href=\"#vstopnina\">Vstopnina<\/a>\u00a0 |\u00a0 <a href=\"#zgodovina\">Povijest<\/a>\u00a0 |\u00a0 <a href=\"#dostop\">Pristup za invalide<\/a>\u00a0 |\u00a0 <a href=\"#nas\">Kako do nas?<\/a><\/h3>\n<hr \/>\n<p>\n<\/div><\/div><\/div><\/div><\/div><\/section><section class=\"kc-elm kc-css-910861 kc_row\"><div class=\"kc-row-container  kc-container\"><div class=\"kc-wrap-columns\"><div class=\"kc-elm kc-css-417526 kc_col-sm-6 kc_column kc_col-sm-6\"><div class=\"kc-col-container\"><div class=\"kc-elm kc-css-88047 kc_text_block\"><\/p>\n<div class=\"plan-visit__block-title\">\n<h2 id=\"cas\" class=\"plan-visit__block-title__title\">Radno vrijeme muzejske ku\u0107e<\/h2>\n<\/div>\n<h3 class=\"plan-visit__subtitle\">Radno vrijeme (16.9. &#8211; 14.6.)<\/h3>\n<p class=\"plan-visit__text\">Utor. &#8211; pet. : 8.00 \u2013 16.00<\/p>\n<p class=\"plan-visit__text\">Sub. : 9.00 \u2013 13.00<\/p>\n<p class=\"plan-visit__text\">Pon., ned., praznici: zatvoreno<\/p>\n<h3 class=\"plan-visit__subtitle\">Ljetno vrijeme (15.6. &#8211; 15.9.)<\/h3>\n<p class=\"plan-visit__text\">Utor. &#8211; pet. : 8.00 \u2013 18.00<\/p>\n<p class=\"plan-visit__text\">Sob.\u00a0: 9.00 \u2013 15.00<\/p>\n<p class=\"plan-visit__text\">Ned. i praznici: 10.00 \u2013 14.00<\/p>\n<p class=\"plan-visit__text\">Pon.: zatvoreno<\/p>\n<p dir=\"ltr\" style=\"line-height: 1.295; margin-top: 0pt; margin-bottom: 8pt;\"><span style=\"color: #000000; font-family: Arial;\"><span style=\"font-size: 16px; white-space: pre-wrap;\">\u00a0<\/span><\/span><\/p>\n<p>\n<\/div><\/div><\/div><div class=\"kc-elm kc-css-730702 kc_col-sm-6 kc_column kc_col-sm-6\"><div class=\"kc-col-container\"><div class=\"kc-elm kc-css-994532 kc_text_block\"><\/p>\n<div class=\"plan-visit__block-title\">\n<h2 id=\"cas\" class=\"plan-visit__block-title__title\">Kontakt:<\/h2>\n<\/div>\n<p class=\"plan-visit__subtitle\">07\/35 65 200 ali 030\/722 043<br \/>\nE-po\u0161ta: <a href=\"mailto:muzej@kc-semic.si\">muzej@kc-semic.si<\/a><\/p>\n<p>\n<\/div><\/div><\/div><\/div><\/div><\/section><section data-kc-fullwidth=\"row\" class=\"kc-elm kc-css-11275 kc_row\"><div class=\"kc-row-container  kc-container\"><div class=\"kc-wrap-columns\"><div class=\"kc-elm kc-css-413481 kc_col-sm-12 kc_column kc_col-sm-12\"><div class=\"kc-col-container\"><div class=\"kc-elm kc-css-915968 kc_text_block\"><\/p>\n<hr \/>\n<div class=\"plan-visit__block-title\">\n<h2 class=\"plan-visit__block-title__title\">Ulaznica<\/h2>\n<\/div>\n<p>\n<\/div><div class=\"kc-elm kc-css-972700 kc_accordion_wrapper\">\n<div class=\"kc-elm kc-css-813120 kc_accordion_section group \"><h3 class=\"kc_accordion_header ui-accordion-header\"><span class=\"ui-accordion-header-icon ui-icon\"><\/span><a href=\"#pojedinci-bez-vodstva\" data-prevent=\"scroll\"><i class=\"et-profile-male\"><\/i> Pojedinci bez vodstva<\/a><\/h3><div class=\"kc_accordion_content ui-accordion-content kc_clearfix\"><div class=\"kc-panel-body\"><div class=\"kc-elm kc-css-81374 kc_text_block\"><\/p>\n<table id=\"vstopnina\">\n<tbody>\n<tr>\n<td>ODRASLE OSOBE<\/td>\n<td colspan=\"2\">4,00 \u20ac<\/td>\n<\/tr>\n<tr>\n<td>UMIROVLJENICI<\/td>\n<td colspan=\"2\">3,50 \u20ac<\/td>\n<\/tr>\n<tr>\n<td>MLADOST<\/td>\n<td colspan=\"2\">3,00 \u20ac<\/td>\n<\/tr>\n<tr>\n<td>OBITELJI<\/td>\n<td colspan=\"2\">8,00 \u20ac<\/td>\n<\/tr>\n<\/tbody>\n<\/table>\n<div><\/div>\n<p>\n<\/div><\/div><\/div><\/div><div class=\"kc-elm kc-css-462219 kc_accordion_section group \"><h3 class=\"kc_accordion_header ui-accordion-header\"><span class=\"ui-accordion-header-icon ui-icon\"><\/span><a href=\"#grupe-vece-od-10-ljudi\" data-prevent=\"scroll\"><i class=\"sl-people\"><\/i> Grupe ve\u0107e od 10 ljudi<\/a><\/h3><div class=\"kc_accordion_content ui-accordion-content kc_clearfix\"><div class=\"kc-panel-body\"><div class=\"kc-elm kc-css-349021 kc_text_block\"><\/p>\n<p>Bez upravljanja:<\/p>\n<table>\n<tbody>\n<tr>\n<td>Odrasle osobe<\/td>\n<td colspan=\"2\">3,50 \u20ac<\/td>\n<\/tr>\n<tr>\n<td>Umirovljenici<\/td>\n<td colspan=\"2\">3,00 \u20ac<\/td>\n<\/tr>\n<tr>\n<td>Mladost<\/td>\n<td colspan=\"2\">2,50 \u20ac<\/td>\n<\/tr>\n<\/tbody>\n<\/table>\n<div><\/div>\n<div>Vo\u0111enjem:<\/div>\n<div>\n<div>\n<div>\n<table>\n<tbody>\n<tr>\n<td>Odrasle osobe<\/td>\n<td colspan=\"2\">4,0 \u20ac<\/td>\n<\/tr>\n<tr>\n<td>Umirovljenici<\/td>\n<td colspan=\"2\">3,50 \u20ac<\/td>\n<\/tr>\n<tr>\n<td>Mladost<\/td>\n<td colspan=\"2\">3,0 \u20ac<\/td>\n<\/tr>\n<\/tbody>\n<\/table>\n<\/div>\n<div><strong>*Vo\u0111enje grupe manje od 10 osoba: 40,00 \u20ac<\/strong><\/div>\n<\/div>\n<div><\/div>\n<div>\n<div><strong>Pedago\u0161ki program (uz prethodnu najavu)<\/strong><\/div>\n<div>\n<table>\n<tbody>\n<tr>\n<td>VODSTVO S NASTAVNIM LISTI\u0106IMA<\/td>\n<td colspan=\"2\">3,50 \u20ac<\/td>\n<\/tr>\n<tr>\n<td>VODSTVO UZ KREATIVNU RADIONICU<\/td>\n<td colspan=\"2\">5,00 \u20ac<\/td>\n<\/tr>\n<\/tbody>\n<\/table>\n<\/div>\n<\/div>\n<\/div>\n<p>\n<\/div><\/div><\/div><\/div><div class=\"kc-elm kc-css-428754 kc_accordion_section group \"><h3 class=\"kc_accordion_header ui-accordion-header\"><span class=\"ui-accordion-header-icon ui-icon\"><\/span><a href=\"#slobodan-ulaz\" data-prevent=\"scroll\"><i class=\"fa-euro-sign\"><\/i> Slobodan ulaz<\/a><\/h3><div class=\"kc_accordion_content ui-accordion-content kc_clearfix\"><div class=\"kc-panel-body\"><div class=\"kc-elm kc-css-565551 kc_text_block\"><\/p>\n<p><strong>Slobodan ulaz:<\/strong><\/p>\n<p>\u2013 iskaznica Muzejskog dru\u0161tva Belokranja<\/p>\n<p>\u2013 iskaznica Slovenskog muzejskog dru\u0161tva<\/p>\n<p>\u2013 ICOM kartica<\/p>\n<p>\u2013\u00a0ICOMOS kartica<\/p>\n<p>\u2013 PRESS kartica<\/p>\n<p>\u2013 djeca pred\u0161kolske dobi<\/p>\n<p>\u2013 osobe s posebnim potrebama<\/p>\n<p>\u2013 nezaposlene osobe uz potvrdu<\/p>\n<p><strong>Ulaz besplatan za individualne posjetitelje:<\/strong><\/p>\n<p>\u2013 8. velja\u010de (slovenski kulturni praznik)<\/p>\n<p>\u2013\u00a0 18. svibnja (Svjetski dan muzeja)<\/p>\n<p>\u2013 27. rujna (Svjetski dan turizma)<\/p>\n<p>\u2013\u00a0 3. prosinca (ovaj veseli dan kulture)<\/p>\n<p>\n<\/div><\/div><\/div><\/div><div class=\"kc-elm kc-css-10743 kc_accordion_section group \"><h3 class=\"kc_accordion_header ui-accordion-header\"><span class=\"ui-accordion-header-icon ui-icon\"><\/span><a href=\"#koristenje-vinarije-i-sobe-za-protokol\" data-prevent=\"scroll\"><i class=\"\"><\/i> Kori\u0161tenje Vinarije i sobe za protokol<\/a><\/h3><div class=\"kc_accordion_content ui-accordion-content kc_clearfix\"><div class=\"kc-panel-body\"><div class=\"kc-elm kc-css-685965 kc_text_block\"><\/p>\n<p><strong>CJENIK KORI\u0160TENJA PROSTORA<\/strong><br \/>\nKU\u0106A MUZEJ SEMI\u010c &#8211; Vinski podrum i sala za sastanke<\/p>\n<p>Kori\u0161tenje Vinoteke do 5 sati 50,00 \u20ac<br \/>\nSvaki sljede\u0107i sat\u00a0 \u00a0 \u00a0 \u00a0 \u00a0 \u00a0 \u00a0 \u00a0 \u00a0 \u00a0 \u00a0 \u00a0 \u00a0 \u00a0+ 10,00 \u20ac<\/p>\n<p>Kori\u0161tenje protokolarnog prostora do 5 sati 50,00 \u20ac<br \/>\nSvaki sljede\u0107i sat \u00a0 \u00a0 \u00a0 \u00a0 \u00a0 \u00a0 \u00a0 \u00a0 \u00a0 \u00a0 \u00a0 \u00a0 \u00a0 \u00a0 \u00a0 \u00a0 \u00a0 + 10 \u20ac<\/p>\n<p><strong>NAKNADA ZA KORI\u0160TENJE PROSTORA I USLUGA U MUZEJSKOJ KU\u0106I SEMI\u010c<\/strong>, za izvo\u0111a\u010de javnih kulturnih programa ili kulturnih projekata<\/p>\n<p>Udrugama u kulturi koje Op\u0107ina Semi\u010d sufinancira na temelju javnog poziva za sufinanciranje programa amaterskih kulturnih djelatnosti, kao i drugim udrugama u kulturi koje djeluju u javnom interesu, napla\u0107uje se naknada za kori\u0161tenje: prostorija u Ku\u0107i muzeja Semi\u010d sukladno \u010dlanku 75. ZUJIK-a:<\/p>\n<p>Kori\u0161tenje Vinoteke do 5 sati 30,00 \u20ac<br \/>\nSvaki sljede\u0107i sat\u00a0 \u00a0 \u00a0 \u00a0 \u00a0 \u00a0 \u00a0 \u00a0 \u00a0 \u00a0+ 7,00 \u20ac<\/p>\n<p>Kori\u0161tenje protokolarnog prostora do 5 sati 30,00 \u20ac<br \/>\nSvaki sljede\u0107i sat \u00a0 \u00a0 \u00a0 \u00a0 \u00a0 \u00a0 \u00a0 \u00a0 \u00a0 \u00a0 \u00a0 \u00a0 \u00a0 \u00a0 \u00a0 \u00a0 \u00a0 + \u00a0 7,00 \u20ac<\/p>\n<p>U cijenu su uklju\u010deni tro\u0161kovi kori\u0161tenja prostora i pripadaju\u0107ih sanitarnih \u010dvorova.<\/p>\n<p>Korisnici su du\u017eni pridr\u017eavati se va\u017ee\u0107eg ku\u0107nog reda i osigurati pravilno razvrstavanje otpada.<br \/>\nSve cijene su bruto cijene. PDV nije obra\u010dunat sukladno \u010dlanku 94. ZDDV-1.<\/p>\n<p>\n<\/div><div class=\"kc-elm kc-css-746551 kc_row kc_row_inner\"><div class=\"kc-elm kc-css-763484 kc_col-sm-12 kc_column_inner kc_col-sm-12\"><div class=\"kc_wrapper kc-col-inner-container\"><\/div><\/div><\/div><\/div><\/div><\/div><\/div>\n<div class=\"kc-elm kc-css-363074 kc_text_block\"><\/p>\n<hr \/>\n<div class=\"plan-visit__block-title\">\n<h2 id=\"zgodovina\" class=\"plan-visit__block-title__title\">Povijest muzeja<\/h2>\n<p><i><span style=\"font-weight: 400;\">Zgrada <\/span><\/i><b><i>Muzeja Semi\u010d<\/i><\/b><span style=\"font-weight: 400;\"> ima burnu pro\u0161lost. Izgra\u0111ena je 1838. godine i to kao prva \u0161kolska zgrada u na\u0161em mjestu. Izvor znanja bila je do 1931. godine, kada je u Semi\u010du izgra\u0111ena nova i ve\u0107a osnovna \u0161kola.<\/span><\/p>\n<p><span style=\"font-weight: 400;\">Tijekom Drugog svjetskog rata u njoj je organizirano nekoliko obrazovnih sadr\u017eaja za partizane: \u0161kola voditelja SKOJ-a, prvi te\u010daj slovenskih propagandista i dopisnika te \u0161kola narodne za\u0161tite.<\/span><\/p>\n<p><span style=\"font-weight: 400;\">Zgrada je kasnije slu\u017eila kao mjesni ured, zdravstvena stanica, policijska postaja i po\u0161ta, a u \u0161ezdesetim godinama 20. stolje\u0107a u njoj su se nalazili stanovi.\u00a0<\/span><\/p>\n<p><span style=\"font-weight: 400;\">Godine 1973. u njoj je sve\u010dano otvorena <\/span><b><i>Lokalna muzejska zbirka Semi\u010d<\/i><\/b><span style=\"font-weight: 400;\">, a po\u010dasni govornik bio je tada\u0161nji ravnatelj Belokranjskog muzeja Metlika, <\/span><i><span style=\"font-weight: 400;\">Jo\u017ee Dular<\/span><\/i><span style=\"font-weight: 400;\">. Tada je muzejska zbirka postala podru\u017enica <\/span><i><span style=\"font-weight: 400;\">Belokranjskog muzeja Metlika<\/span><\/i><span style=\"font-weight: 400;\">, kamo spada i danas.\u00a0<\/span><\/p>\n<p><span style=\"font-weight: 400;\">Godine 2019. muzej u Semi\u010du potpuno je obnovljen u okviru projekta <\/span><i><span style=\"font-weight: 400;\">Misterion.<\/span><\/i><span style=\"font-weight: 400;\"> Zgradom i organizacijom aktivnosti u muzeju upravlja Kulturni centar Semi\u010d, vinogradarsku i povijesnu zbirku odr\u017eava Belokranjski muzej Metlika, a o prirodnoj zbirci brinu Prirodoslovni muzej Slovenije i Op\u0107ina Semi\u010d. <\/span><\/p>\n<\/div>\n<p style=\"box-sizing: border-box; margin-top: 0px; margin-bottom: 1rem;\">\n<\/div><div class=\"kc-image-gallery kc-elm kc-css-370242\">\n<div class=\"kc_image_gallery kc-carousel-image kc-grid \" data-image_masonry=\"yes\">\n<div class=\"item-grid grid-3\"><a class=\"kc-image-link kc-pretty-photo\" data-lightbox=\"kc-lightbox\" rel=\"kc-pretty-photo[35963637]\" href=\"https:\/\/muzej-semic.si\/wp-content\/uploads\/2021\/11\/OSNOVNI-PODATKI-bela-krajina-semic-v-starih-cajtih-02.jpg\"><img decoding=\"async\" src=\"https:\/\/muzej-semic.si\/wp-content\/uploads\/2021\/11\/OSNOVNI-PODATKI-bela-krajina-semic-v-starih-cajtih-02-300x194.jpg\" alt=\"\"\/><\/a><\/div><div class=\"item-grid grid-3\"><a class=\"kc-image-link kc-pretty-photo\" data-lightbox=\"kc-lightbox\" rel=\"kc-pretty-photo[35963637]\" href=\"https:\/\/muzej-semic.si\/wp-content\/uploads\/2021\/10\/OSNOVNI-PODATKI-muzejska-hisa-semic-1-belakrajina1.jpg\"><img decoding=\"async\" src=\"https:\/\/muzej-semic.si\/wp-content\/uploads\/2021\/10\/OSNOVNI-PODATKI-muzejska-hisa-semic-1-belakrajina1-300x200.jpg\" alt=\"\"\/><\/a><\/div><div class=\"item-grid grid-3\"><a class=\"kc-image-link kc-pretty-photo\" data-lightbox=\"kc-lightbox\" rel=\"kc-pretty-photo[35963637]\" href=\"https:\/\/muzej-semic.si\/wp-content\/uploads\/2021\/11\/2020-Novina-37-scaled.jpg\"><img decoding=\"async\" src=\"https:\/\/muzej-semic.si\/wp-content\/uploads\/2021\/11\/2020-Novina-37-300x200.jpg\" alt=\"\"\/><\/a><\/div><\/div>\n<\/div><div class=\"kc-elm kc-css-926444 kc_text_block\"><\/p>\n<hr \/>\n<div class=\"plan-visit__block-title\">\n<h2 class=\"plan-visit__block-title__title\">Misija Muzeja Semi\u010d<\/h2>\n<p><span style=\"font-weight: 400;\">Muzej Semi\u010d je moderan objekt koji na ma\u0161tovit na\u010din objedinjuje <\/span><b><i>kulturnu ba\u0161tinu Semi\u010da i prirodne zna\u010dajke cijele Bele krajine<\/i><\/b><span style=\"font-weight: 400;\">.\u00a0<\/span><\/p>\n<p><i><span style=\"font-weight: 400;\">Povijesna i vinogradarska izlo\u017eba <\/span><\/i><span style=\"font-weight: 400;\">otkrivaju doga\u0111aje u Semi\u010du i njegovoj bli\u017eoj okolici tijekom vi\u0161e tisu\u0107lje\u0107a. Time zna\u010dajno doprinose poznavanju i razumijevanju semi\u010dkog identiteta i tradicije koji imaju mnogobrojne lokalne posebnosti. Promi\u0161ljeno odabrana muzejska gra\u0111a posjetitelju pribli\u017eava pote\u0161ko\u0107e i uspjehe stanovnika Semi\u010da u razli\u010ditim razdobljima pro\u0161losti.\u00a0<\/span><\/p>\n<p><i><span style=\"font-weight: 400;\">Prirodoslovna zbirka<\/span><\/i><span style=\"font-weight: 400;\"> obuhva\u0107a cijelu Belu krajinu i isti\u010de sve prirodne zna\u010dajke ovog podru\u010dja: stijene, \u017eivotinje, biljke i vode. \u0160iroj javnosti otkriva posebnosti i ljepote kr\u0161koga svijeta te ja\u010da svijest o iznimnoj va\u017enosti o\u010duvanja izvora vode na osjetljivom kr\u0161kom terenu.\u00a0<\/span><\/p>\n<p><span style=\"font-weight: 400;\">Sve tri zbirke izvrsno obja\u0161njavaju razli\u010dite odgojno-edukativne sadr\u017eaje djeci, mladima i odraslima. Na taj na\u010din poti\u010du vi\u0161u razinu kulture \u017eivljenja i svijest o neizbje\u017enom prepletanju na\u0161e pro\u0161losti, sada\u0161njosti i budu\u0107nosti.<\/span><\/p>\n<p>Pro\u010ditajte vi\u0161e na<\/p>\n<\/div>\n<p><a href=\"https:\/\/belokranjski-muzej.si\/\" rel=\"nofollow noopener\" target=\"_blank\"><img loading=\"lazy\" decoding=\"async\" class=\"alignnone \" src=\"https:\/\/muzej-semic.si\/wp-content\/uploads\/2022\/10\/resized_1641890700_2098406.png\" alt=\"\" width=\"160\" height=\"80\" \/><\/a><\/p>\n<p style=\"box-sizing: border-box; margin-top: 0px; margin-bottom: 1rem;\">\n<\/div><div class=\"kc-elm kc-css-266055 kc_text_block\"><\/p>\n<hr \/>\n<div class=\"plan-visit__block-title\">\n<h2 id=\"nas\" class=\"plan-visit__block-title__title\">Kako do nas?<\/h2>\n<\/div>\n<p><span style=\"font-weight: 400;\">Muzej se nalazi u mjesnoj jezgri Semi\u010da, kod crkve Sv. \u0160tefana, koja se iz svih smjerova nadaleko vidi. Semi\u010d je od Ljubljane udaljen 96, a od Novog mesta 30\u00a0km. Mo\u017eete nas posjetiti vlakom (poveznica \u2013 vozni red) ili autobusom (poveznica \u2013 vozni red). Najudobniji je posjet automobilom. Mo\u017eete do\u0107i autocestom Ljubljana \u2013 Novo mesto, a iz Novog mesta nastaviti put preko brda Gorjanci do Jugora i zatim u Semi\u010d ili odabrati izlaz s autoceste u Ivan\u010dnoj Gorici i zatim se mimo \u017du\u017eemberka, Dolenjskih Toplica i \u010crmo\u0161njica dovesti u Semi\u010d.<\/span><\/p>\n<p style=\"box-sizing: border-box; margin-top: 0px; margin-bottom: 1rem;\">\n<\/div><div class=\"kc-elm kc-css-237521 kc_text_block\"><\/p>\n<hr \/>\n<div class=\"plan-visit__block-title\">\n<h2 id=\"dostop\" class=\"plan-visit__block-title__title\">Pristop za osobe z invaliditetom<\/h2>\n<\/div>\n<p><span style=\"font-weight: 400;\">Muzejski objekt je lako dostupan i osobama s invaliditetom. Parkirati se mo\u017ee na <\/span><b>parkirali\u0161tu za invalide tik uz muzej<\/b><span style=\"font-weight: 400;\">. Ravni hodnik u prizemlju zgrade vodi u vinogradarsku zbirku, <\/span><b>a <\/b><span style=\"font-weight: 400;\">dizalom \u0107ete se popeti u povijesnu i prirodoslovnu zbirku, koje mo\u017eete nesmetano istra\u017eiti. <\/span><b>Toaletni prostor za invalide<\/b><span style=\"font-weight: 400;\"> dostupan je u prizemlju. Dobro do\u0161li!<\/span><\/p>\n<p style=\"box-sizing: border-box; margin-top: 0px; margin-bottom: 1rem;\">\n<\/div><\/div><\/div><\/div><\/div><\/section><section class=\"kc-elm kc_row\"><div class=\"kc-row-container  kc-container\"><div class=\"kc-wrap-columns\"><div class=\"kc-elm kc-css-474930 kc_col-sm-12 kc_column kc_col-sm-12\"><div class=\"kc-col-container\"><div class=\"kc-elm kc_text_block\"><\/p>\n<p>\n<\/div><\/div><\/div><\/div><\/div><\/section><\/p>\n","protected":false},"excerpt":{"rendered":"","protected":false},"author":1,"featured_media":0,"parent":0,"menu_order":0,"comment_status":"closed","ping_status":"closed","template":"tpl-king_composer.php","meta":{"footnotes":""},"class_list":["post-2907","page","type-page","status-publish","hentry"],"_links":{"self":[{"href":"https:\/\/muzej-semic.si\/hr\/wp-json\/wp\/v2\/pages\/2907","targetHints":{"allow":["GET"]}}],"collection":[{"href":"https:\/\/muzej-semic.si\/hr\/wp-json\/wp\/v2\/pages"}],"about":[{"href":"https:\/\/muzej-semic.si\/hr\/wp-json\/wp\/v2\/types\/page"}],"author":[{"embeddable":true,"href":"https:\/\/muzej-semic.si\/hr\/wp-json\/wp\/v2\/users\/1"}],"replies":[{"embeddable":true,"href":"https:\/\/muzej-semic.si\/hr\/wp-json\/wp\/v2\/comments?post=2907"}],"version-history":[{"count":5,"href":"https:\/\/muzej-semic.si\/hr\/wp-json\/wp\/v2\/pages\/2907\/revisions"}],"predecessor-version":[{"id":3091,"href":"https:\/\/muzej-semic.si\/hr\/wp-json\/wp\/v2\/pages\/2907\/revisions\/3091"}],"wp:attachment":[{"href":"https:\/\/muzej-semic.si\/hr\/wp-json\/wp\/v2\/media?parent=2907"}],"curies":[{"name":"wp","href":"https:\/\/api.w.org\/{rel}","templated":true}]}}