{"id":3096,"date":"2023-03-27T15:58:30","date_gmt":"2023-03-27T13:58:30","guid":{"rendered":"https:\/\/muzej-semic.si\/?page_id=3096"},"modified":"2023-03-27T15:58:57","modified_gmt":"2023-03-27T13:58:57","slug":"mediateka","status":"publish","type":"page","link":"https:\/\/muzej-semic.si\/hr\/mediateka\/","title":{"rendered":"Mediateka"},"content":{"rendered":"<p><section class=\"kc-elm kc-css-791640 kc_row\"><div class=\"kc-row-container  kc-container\"><div class=\"kc-wrap-columns\"><div class=\"kc-elm kc-css-220750 kc_col-sm-12 kc_column kc_col-sm-12\"><div class=\"kc-col-container\"><div class=\"widget aiovg-widget-videos kc-elm kc-css-826375\">\r\n<div id=\"aiovg-69edeb61d92401\" class=\"aiovg aiovg-videos aiovg-videos-template-classic\">\r\n        \r\n    <!-- Videos -->\r\n    <div class=\"aiovg-section-videos aiovg-grid aiovg-row\">   \r\n                    \r\n            <div class=\"aiovg-item-video aiovg-item-video-3107 aiovg-col aiovg-col-3 aiovg-col-xs-2\" data-id=\"3107\">\r\n                \n<div class=\"aiovg-thumbnail aiovg-thumbnail-style-image-top\">\n    <a href=\"https:\/\/muzej-semic.si\/hr\/aiovg_videos\/tajanstveni-put-vode\/\" class=\"aiovg-responsive-container\" style=\"padding-bottom: 56.25%;\"><img decoding=\"async\" src=\"https:\/\/muzej-semic.si\/wp-content\/uploads\/2021\/11\/skrivnostna-pot-vode-300x147.png\" alt=\"Tajanstveni put vode\" class=\"aiovg-responsive-element\"\/><div class=\"aiovg-duration\">11:16<\/div><svg xmlns=\"http:\/\/www.w3.org\/2000\/svg\" fill=\"white\" width=\"40\" height=\"40\" viewBox=\"0 0 24 24\" class=\"aiovg-svg-icon-play aiovg-flex-shrink-0\">\n            <path fill-rule=\"evenodd\" d=\"M2.25 12c0-5.385 4.365-9.75 9.75-9.75s9.75 4.365 9.75 9.75-4.365 9.75-9.75 9.75S2.25 17.385 2.25 12Zm14.024-.983a1.125 1.125 0 0 1 0 1.966l-5.603 3.113A1.125 1.125 0 0 1 9 15.113V8.887c0-.857.921-1.4 1.671-.983l5.603 3.113Z\" clip-rule=\"evenodd\" \/>\n        <\/svg><\/a> \n    <div class=\"aiovg-caption\">\n                    <div class=\"aiovg-title\">\n                <a href=\"https:\/\/muzej-semic.si\/hr\/aiovg_videos\/tajanstveni-put-vode\/\" class=\"aiovg-link-title\">Tajanstveni put vode<\/a>            <\/div>\n        \n        \n        <div class=\"aiovg-meta aiovg-flex aiovg-flex-wrap aiovg-gap-1 aiovg-items-center aiovg-text-small\"><div class=\"aiovg-views aiovg-flex aiovg-gap-1 aiovg-items-center\"><svg xmlns=\"http:\/\/www.w3.org\/2000\/svg\" fill=\"none\" width=\"16\" height=\"16\" viewBox=\"0 0 24 24\" stroke-width=\"1.5\" stroke=\"currentColor\" class=\"aiovg-flex-shrink-0\">\n                <path stroke-linecap=\"round\" stroke-linejoin=\"round\" d=\"M2.036 12.322a1.012 1.012 0 0 1 0-.639C3.423 7.51 7.36 4.5 12 4.5c4.638 0 8.573 3.007 9.963 7.178.07.207.07.431 0 .639C20.577 16.49 16.64 19.5 12 19.5c-4.638 0-8.573-3.007-9.963-7.178Z\" \/>\n                <path stroke-linecap=\"round\" stroke-linejoin=\"round\" d=\"M15 12a3 3 0 1 1-6 0 3 3 0 0 1 6 0Z\" \/>\n            <\/svg><span class=\"aiovg-views-count\">35<\/span><span class=\"aiovg-views-label\">views<\/span><\/div><\/div>       \n        \n        \n               \n\n         \n        \n            <\/div>    \n<\/div>            \r\n            <\/div>                \r\n                        \r\n            <div class=\"aiovg-item-video aiovg-item-video-3108 aiovg-col aiovg-col-3 aiovg-col-xs-2\" data-id=\"3108\">\r\n                \n<div class=\"aiovg-thumbnail aiovg-thumbnail-style-image-top\">\n    <a href=\"https:\/\/muzej-semic.si\/hr\/aiovg_videos\/misterion-sport-i-rekreacija\/\" class=\"aiovg-responsive-container\" style=\"padding-bottom: 56.25%;\"><img decoding=\"async\" src=\"https:\/\/muzej-semic.si\/wp-content\/uploads\/2021\/11\/sport-i-rekreacija-300x165.png\" alt=\"Misterion: sport i rekreacija\" class=\"aiovg-responsive-element\"\/><div class=\"aiovg-duration\">1:30<\/div><svg xmlns=\"http:\/\/www.w3.org\/2000\/svg\" fill=\"white\" width=\"40\" height=\"40\" viewBox=\"0 0 24 24\" class=\"aiovg-svg-icon-play aiovg-flex-shrink-0\">\n            <path fill-rule=\"evenodd\" d=\"M2.25 12c0-5.385 4.365-9.75 9.75-9.75s9.75 4.365 9.75 9.75-4.365 9.75-9.75 9.75S2.25 17.385 2.25 12Zm14.024-.983a1.125 1.125 0 0 1 0 1.966l-5.603 3.113A1.125 1.125 0 0 1 9 15.113V8.887c0-.857.921-1.4 1.671-.983l5.603 3.113Z\" clip-rule=\"evenodd\" \/>\n        <\/svg><\/a> \n    <div class=\"aiovg-caption\">\n                    <div class=\"aiovg-title\">\n                <a href=\"https:\/\/muzej-semic.si\/hr\/aiovg_videos\/misterion-sport-i-rekreacija\/\" class=\"aiovg-link-title\">Misterion: sport i rekreacija<\/a>            <\/div>\n        \n        \n        <div class=\"aiovg-meta aiovg-flex aiovg-flex-wrap aiovg-gap-1 aiovg-items-center aiovg-text-small\"><div class=\"aiovg-views aiovg-flex aiovg-gap-1 aiovg-items-center\"><svg xmlns=\"http:\/\/www.w3.org\/2000\/svg\" fill=\"none\" width=\"16\" height=\"16\" viewBox=\"0 0 24 24\" stroke-width=\"1.5\" stroke=\"currentColor\" class=\"aiovg-flex-shrink-0\">\n                <path stroke-linecap=\"round\" stroke-linejoin=\"round\" d=\"M2.036 12.322a1.012 1.012 0 0 1 0-.639C3.423 7.51 7.36 4.5 12 4.5c4.638 0 8.573 3.007 9.963 7.178.07.207.07.431 0 .639C20.577 16.49 16.64 19.5 12 19.5c-4.638 0-8.573-3.007-9.963-7.178Z\" \/>\n                <path stroke-linecap=\"round\" stroke-linejoin=\"round\" d=\"M15 12a3 3 0 1 1-6 0 3 3 0 0 1 6 0Z\" \/>\n            <\/svg><span class=\"aiovg-views-count\">14<\/span><span class=\"aiovg-views-label\">views<\/span><\/div><\/div>       \n        \n        \n               \n\n         \n        \n            <\/div>    \n<\/div>            \r\n            <\/div>                \r\n                        \r\n            <div class=\"aiovg-item-video aiovg-item-video-3111 aiovg-col aiovg-col-3 aiovg-col-xs-2\" data-id=\"3111\">\r\n                \n<div class=\"aiovg-thumbnail aiovg-thumbnail-style-image-top\">\n    <a href=\"https:\/\/muzej-semic.si\/hr\/aiovg_videos\/misterion-metlika\/\" class=\"aiovg-responsive-container\" style=\"padding-bottom: 56.25%;\"><img decoding=\"async\" src=\"https:\/\/muzej-semic.si\/wp-content\/uploads\/2021\/11\/metlika-e1636110621840-300x145.png\" alt=\"Misterion: Metlika\" class=\"aiovg-responsive-element\"\/><div class=\"aiovg-duration\">1:30<\/div><svg xmlns=\"http:\/\/www.w3.org\/2000\/svg\" fill=\"white\" width=\"40\" height=\"40\" viewBox=\"0 0 24 24\" class=\"aiovg-svg-icon-play aiovg-flex-shrink-0\">\n            <path fill-rule=\"evenodd\" d=\"M2.25 12c0-5.385 4.365-9.75 9.75-9.75s9.75 4.365 9.75 9.75-4.365 9.75-9.75 9.75S2.25 17.385 2.25 12Zm14.024-.983a1.125 1.125 0 0 1 0 1.966l-5.603 3.113A1.125 1.125 0 0 1 9 15.113V8.887c0-.857.921-1.4 1.671-.983l5.603 3.113Z\" clip-rule=\"evenodd\" \/>\n        <\/svg><\/a> \n    <div class=\"aiovg-caption\">\n                    <div class=\"aiovg-title\">\n                <a href=\"https:\/\/muzej-semic.si\/hr\/aiovg_videos\/misterion-metlika\/\" class=\"aiovg-link-title\">Misterion: Metlika<\/a>            <\/div>\n        \n        \n        <div class=\"aiovg-meta aiovg-flex aiovg-flex-wrap aiovg-gap-1 aiovg-items-center aiovg-text-small\"><div class=\"aiovg-views aiovg-flex aiovg-gap-1 aiovg-items-center\"><svg xmlns=\"http:\/\/www.w3.org\/2000\/svg\" fill=\"none\" width=\"16\" height=\"16\" viewBox=\"0 0 24 24\" stroke-width=\"1.5\" stroke=\"currentColor\" class=\"aiovg-flex-shrink-0\">\n                <path stroke-linecap=\"round\" stroke-linejoin=\"round\" d=\"M2.036 12.322a1.012 1.012 0 0 1 0-.639C3.423 7.51 7.36 4.5 12 4.5c4.638 0 8.573 3.007 9.963 7.178.07.207.07.431 0 .639C20.577 16.49 16.64 19.5 12 19.5c-4.638 0-8.573-3.007-9.963-7.178Z\" \/>\n                <path stroke-linecap=\"round\" stroke-linejoin=\"round\" d=\"M15 12a3 3 0 1 1-6 0 3 3 0 0 1 6 0Z\" \/>\n            <\/svg><span class=\"aiovg-views-count\">9<\/span><span class=\"aiovg-views-label\">views<\/span><\/div><\/div>       \n        \n        \n               \n\n         \n        \n            <\/div>    \n<\/div>            \r\n            <\/div>                \r\n                        \r\n            <div class=\"aiovg-item-video aiovg-item-video-3112 aiovg-col aiovg-col-3 aiovg-col-xs-2\" data-id=\"3112\">\r\n                \n<div class=\"aiovg-thumbnail aiovg-thumbnail-style-image-top\">\n    <a href=\"https:\/\/muzej-semic.si\/hr\/aiovg_videos\/misterija-gastronomija-vina-i-turizam\/\" class=\"aiovg-responsive-container\" style=\"padding-bottom: 56.25%;\"><img decoding=\"async\" src=\"https:\/\/muzej-semic.si\/wp-content\/uploads\/2021\/11\/gastro-e1636110703636-300x142.png\" alt=\"Misterija: gastronomija, vina i turizam\" class=\"aiovg-responsive-element\"\/><div class=\"aiovg-duration\">5:25<\/div><svg xmlns=\"http:\/\/www.w3.org\/2000\/svg\" fill=\"white\" width=\"40\" height=\"40\" viewBox=\"0 0 24 24\" class=\"aiovg-svg-icon-play aiovg-flex-shrink-0\">\n            <path fill-rule=\"evenodd\" d=\"M2.25 12c0-5.385 4.365-9.75 9.75-9.75s9.75 4.365 9.75 9.75-4.365 9.75-9.75 9.75S2.25 17.385 2.25 12Zm14.024-.983a1.125 1.125 0 0 1 0 1.966l-5.603 3.113A1.125 1.125 0 0 1 9 15.113V8.887c0-.857.921-1.4 1.671-.983l5.603 3.113Z\" clip-rule=\"evenodd\" \/>\n        <\/svg><\/a> \n    <div class=\"aiovg-caption\">\n                    <div class=\"aiovg-title\">\n                <a href=\"https:\/\/muzej-semic.si\/hr\/aiovg_videos\/misterija-gastronomija-vina-i-turizam\/\" class=\"aiovg-link-title\">Misterija: gastronomija, vina i turizam<\/a>            <\/div>\n        \n        \n        <div class=\"aiovg-meta aiovg-flex aiovg-flex-wrap aiovg-gap-1 aiovg-items-center aiovg-text-small\"><div class=\"aiovg-views aiovg-flex aiovg-gap-1 aiovg-items-center\"><svg xmlns=\"http:\/\/www.w3.org\/2000\/svg\" fill=\"none\" width=\"16\" height=\"16\" viewBox=\"0 0 24 24\" stroke-width=\"1.5\" stroke=\"currentColor\" class=\"aiovg-flex-shrink-0\">\n                <path stroke-linecap=\"round\" stroke-linejoin=\"round\" d=\"M2.036 12.322a1.012 1.012 0 0 1 0-.639C3.423 7.51 7.36 4.5 12 4.5c4.638 0 8.573 3.007 9.963 7.178.07.207.07.431 0 .639C20.577 16.49 16.64 19.5 12 19.5c-4.638 0-8.573-3.007-9.963-7.178Z\" \/>\n                <path stroke-linecap=\"round\" stroke-linejoin=\"round\" d=\"M15 12a3 3 0 1 1-6 0 3 3 0 0 1 6 0Z\" \/>\n            <\/svg><span class=\"aiovg-views-count\">8<\/span><span class=\"aiovg-views-label\">views<\/span><\/div><\/div>       \n        \n        \n               \n\n         \n        \n            <\/div>    \n<\/div>            \r\n            <\/div>                \r\n                        \r\n            <div class=\"aiovg-item-video aiovg-item-video-3113 aiovg-col aiovg-col-3 aiovg-col-xs-2\" data-id=\"3113\">\r\n                \n<div class=\"aiovg-thumbnail aiovg-thumbnail-style-image-top\">\n    <a href=\"https:\/\/muzej-semic.si\/hr\/aiovg_videos\/misterion-dogadaji\/\" class=\"aiovg-responsive-container\" style=\"padding-bottom: 56.25%;\"><img decoding=\"async\" src=\"https:\/\/muzej-semic.si\/wp-content\/uploads\/2021\/11\/eventi-e1636110905730-300x147.png\" alt=\"Misterion: Doga\u0111aji\" class=\"aiovg-responsive-element\"\/><div class=\"aiovg-duration\">2:35<\/div><svg xmlns=\"http:\/\/www.w3.org\/2000\/svg\" fill=\"white\" width=\"40\" height=\"40\" viewBox=\"0 0 24 24\" class=\"aiovg-svg-icon-play aiovg-flex-shrink-0\">\n            <path fill-rule=\"evenodd\" d=\"M2.25 12c0-5.385 4.365-9.75 9.75-9.75s9.75 4.365 9.75 9.75-4.365 9.75-9.75 9.75S2.25 17.385 2.25 12Zm14.024-.983a1.125 1.125 0 0 1 0 1.966l-5.603 3.113A1.125 1.125 0 0 1 9 15.113V8.887c0-.857.921-1.4 1.671-.983l5.603 3.113Z\" clip-rule=\"evenodd\" \/>\n        <\/svg><\/a> \n    <div class=\"aiovg-caption\">\n                    <div class=\"aiovg-title\">\n                <a href=\"https:\/\/muzej-semic.si\/hr\/aiovg_videos\/misterion-dogadaji\/\" class=\"aiovg-link-title\">Misterion: Doga\u0111aji<\/a>            <\/div>\n        \n        \n        <div class=\"aiovg-meta aiovg-flex aiovg-flex-wrap aiovg-gap-1 aiovg-items-center aiovg-text-small\"><div class=\"aiovg-views aiovg-flex aiovg-gap-1 aiovg-items-center\"><svg xmlns=\"http:\/\/www.w3.org\/2000\/svg\" fill=\"none\" width=\"16\" height=\"16\" viewBox=\"0 0 24 24\" stroke-width=\"1.5\" stroke=\"currentColor\" class=\"aiovg-flex-shrink-0\">\n                <path stroke-linecap=\"round\" stroke-linejoin=\"round\" d=\"M2.036 12.322a1.012 1.012 0 0 1 0-.639C3.423 7.51 7.36 4.5 12 4.5c4.638 0 8.573 3.007 9.963 7.178.07.207.07.431 0 .639C20.577 16.49 16.64 19.5 12 19.5c-4.638 0-8.573-3.007-9.963-7.178Z\" \/>\n                <path stroke-linecap=\"round\" stroke-linejoin=\"round\" d=\"M15 12a3 3 0 1 1-6 0 3 3 0 0 1 6 0Z\" \/>\n            <\/svg><span class=\"aiovg-views-count\">8<\/span><span class=\"aiovg-views-label\">views<\/span><\/div><\/div>       \n        \n        \n               \n\n         \n        \n            <\/div>    \n<\/div>            \r\n            <\/div>                \r\n                        \r\n            <div class=\"aiovg-item-video aiovg-item-video-3114 aiovg-col aiovg-col-3 aiovg-col-xs-2\" data-id=\"3114\">\r\n                \n<div class=\"aiovg-thumbnail aiovg-thumbnail-style-image-top\">\n    <a href=\"https:\/\/muzej-semic.si\/hr\/aiovg_videos\/misterion-crkve-i-dvorci\/\" class=\"aiovg-responsive-container\" style=\"padding-bottom: 56.25%;\"><img decoding=\"async\" src=\"https:\/\/muzej-semic.si\/wp-content\/uploads\/2021\/11\/crkve-300x166.png\" alt=\"Misterion: Crkve i dvorci\" class=\"aiovg-responsive-element\"\/><div class=\"aiovg-duration\">1:30<\/div><svg xmlns=\"http:\/\/www.w3.org\/2000\/svg\" fill=\"white\" width=\"40\" height=\"40\" viewBox=\"0 0 24 24\" class=\"aiovg-svg-icon-play aiovg-flex-shrink-0\">\n            <path fill-rule=\"evenodd\" d=\"M2.25 12c0-5.385 4.365-9.75 9.75-9.75s9.75 4.365 9.75 9.75-4.365 9.75-9.75 9.75S2.25 17.385 2.25 12Zm14.024-.983a1.125 1.125 0 0 1 0 1.966l-5.603 3.113A1.125 1.125 0 0 1 9 15.113V8.887c0-.857.921-1.4 1.671-.983l5.603 3.113Z\" clip-rule=\"evenodd\" \/>\n        <\/svg><\/a> \n    <div class=\"aiovg-caption\">\n                    <div class=\"aiovg-title\">\n                <a href=\"https:\/\/muzej-semic.si\/hr\/aiovg_videos\/misterion-crkve-i-dvorci\/\" class=\"aiovg-link-title\">Misterion: Crkve i dvorci<\/a>            <\/div>\n        \n        \n        <div class=\"aiovg-meta aiovg-flex aiovg-flex-wrap aiovg-gap-1 aiovg-items-center aiovg-text-small\"><div class=\"aiovg-views aiovg-flex aiovg-gap-1 aiovg-items-center\"><svg xmlns=\"http:\/\/www.w3.org\/2000\/svg\" fill=\"none\" width=\"16\" height=\"16\" viewBox=\"0 0 24 24\" stroke-width=\"1.5\" stroke=\"currentColor\" class=\"aiovg-flex-shrink-0\">\n                <path stroke-linecap=\"round\" stroke-linejoin=\"round\" d=\"M2.036 12.322a1.012 1.012 0 0 1 0-.639C3.423 7.51 7.36 4.5 12 4.5c4.638 0 8.573 3.007 9.963 7.178.07.207.07.431 0 .639C20.577 16.49 16.64 19.5 12 19.5c-4.638 0-8.573-3.007-9.963-7.178Z\" \/>\n                <path stroke-linecap=\"round\" stroke-linejoin=\"round\" d=\"M15 12a3 3 0 1 1-6 0 3 3 0 0 1 6 0Z\" \/>\n            <\/svg><span class=\"aiovg-views-count\">7<\/span><span class=\"aiovg-views-label\">views<\/span><\/div><\/div>       \n        \n        \n               \n\n         \n        \n            <\/div>    \n<\/div>            \r\n            <\/div>                \r\n                        \r\n            <div class=\"aiovg-item-video aiovg-item-video-3105 aiovg-col aiovg-col-3 aiovg-col-xs-2\" data-id=\"3105\">\r\n                \n<div class=\"aiovg-thumbnail aiovg-thumbnail-style-image-top\">\n    <a href=\"https:\/\/muzej-semic.si\/hr\/aiovg_videos\/napravite-vlastiti-stalaktit\/\" class=\"aiovg-responsive-container\" style=\"padding-bottom: 56.25%;\"><img decoding=\"async\" src=\"https:\/\/muzej-semic.si\/wp-content\/uploads\/2021\/12\/Screenshot_10-300x161.png\" alt=\"Napravite vlastiti stalaktit\" class=\"aiovg-responsive-element\"\/><div class=\"aiovg-duration\">1:30<\/div><svg xmlns=\"http:\/\/www.w3.org\/2000\/svg\" fill=\"white\" width=\"40\" height=\"40\" viewBox=\"0 0 24 24\" class=\"aiovg-svg-icon-play aiovg-flex-shrink-0\">\n            <path fill-rule=\"evenodd\" d=\"M2.25 12c0-5.385 4.365-9.75 9.75-9.75s9.75 4.365 9.75 9.75-4.365 9.75-9.75 9.75S2.25 17.385 2.25 12Zm14.024-.983a1.125 1.125 0 0 1 0 1.966l-5.603 3.113A1.125 1.125 0 0 1 9 15.113V8.887c0-.857.921-1.4 1.671-.983l5.603 3.113Z\" clip-rule=\"evenodd\" \/>\n        <\/svg><\/a> \n    <div class=\"aiovg-caption\">\n                    <div class=\"aiovg-title\">\n                <a href=\"https:\/\/muzej-semic.si\/hr\/aiovg_videos\/napravite-vlastiti-stalaktit\/\" class=\"aiovg-link-title\">Napravite vlastiti stalaktit<\/a>            <\/div>\n        \n        \n        <div class=\"aiovg-meta aiovg-flex aiovg-flex-wrap aiovg-gap-1 aiovg-items-center aiovg-text-small\"><div class=\"aiovg-views aiovg-flex aiovg-gap-1 aiovg-items-center\"><svg xmlns=\"http:\/\/www.w3.org\/2000\/svg\" fill=\"none\" width=\"16\" height=\"16\" viewBox=\"0 0 24 24\" stroke-width=\"1.5\" stroke=\"currentColor\" class=\"aiovg-flex-shrink-0\">\n                <path stroke-linecap=\"round\" stroke-linejoin=\"round\" d=\"M2.036 12.322a1.012 1.012 0 0 1 0-.639C3.423 7.51 7.36 4.5 12 4.5c4.638 0 8.573 3.007 9.963 7.178.07.207.07.431 0 .639C20.577 16.49 16.64 19.5 12 19.5c-4.638 0-8.573-3.007-9.963-7.178Z\" \/>\n                <path stroke-linecap=\"round\" stroke-linejoin=\"round\" d=\"M15 12a3 3 0 1 1-6 0 3 3 0 0 1 6 0Z\" \/>\n            <\/svg><span class=\"aiovg-views-count\">10<\/span><span class=\"aiovg-views-label\">views<\/span><\/div><\/div>       \n        \n        \n               \n\n         \n        \n            <\/div>    \n<\/div>            \r\n            <\/div>                \r\n                        \r\n            <div class=\"aiovg-item-video aiovg-item-video-3103 aiovg-col aiovg-col-3 aiovg-col-xs-2\" data-id=\"3103\">\r\n                \n<div class=\"aiovg-thumbnail aiovg-thumbnail-style-image-top\">\n    <a href=\"https:\/\/muzej-semic.si\/hr\/aiovg_videos\/pecine-mjesto-gdje-vrijeme-staje-privremena-izlozba\/\" class=\"aiovg-responsive-container\" style=\"padding-bottom: 56.25%;\"><img decoding=\"async\" src=\"https:\/\/muzej-semic.si\/wp-content\/uploads\/2021\/12\/Screenshot_6-300x161.png\" alt=\"Pe\u0107ine, mjesto gdje vrijeme staje, privremena izlo\u017eba\" class=\"aiovg-responsive-element\"\/><svg xmlns=\"http:\/\/www.w3.org\/2000\/svg\" fill=\"white\" width=\"40\" height=\"40\" viewBox=\"0 0 24 24\" class=\"aiovg-svg-icon-play aiovg-flex-shrink-0\">\n            <path fill-rule=\"evenodd\" d=\"M2.25 12c0-5.385 4.365-9.75 9.75-9.75s9.75 4.365 9.75 9.75-4.365 9.75-9.75 9.75S2.25 17.385 2.25 12Zm14.024-.983a1.125 1.125 0 0 1 0 1.966l-5.603 3.113A1.125 1.125 0 0 1 9 15.113V8.887c0-.857.921-1.4 1.671-.983l5.603 3.113Z\" clip-rule=\"evenodd\" \/>\n        <\/svg><\/a> \n    <div class=\"aiovg-caption\">\n                    <div class=\"aiovg-title\">\n                <a href=\"https:\/\/muzej-semic.si\/hr\/aiovg_videos\/pecine-mjesto-gdje-vrijeme-staje-privremena-izlozba\/\" class=\"aiovg-link-title\">Pe\u0107ine, mjesto gdje vrijeme staje, privremena izlo\u017eba<\/a>            <\/div>\n        \n        \n        <div class=\"aiovg-meta aiovg-flex aiovg-flex-wrap aiovg-gap-1 aiovg-items-center aiovg-text-small\"><div class=\"aiovg-views aiovg-flex aiovg-gap-1 aiovg-items-center\"><svg xmlns=\"http:\/\/www.w3.org\/2000\/svg\" fill=\"none\" width=\"16\" height=\"16\" viewBox=\"0 0 24 24\" stroke-width=\"1.5\" stroke=\"currentColor\" class=\"aiovg-flex-shrink-0\">\n                <path stroke-linecap=\"round\" stroke-linejoin=\"round\" d=\"M2.036 12.322a1.012 1.012 0 0 1 0-.639C3.423 7.51 7.36 4.5 12 4.5c4.638 0 8.573 3.007 9.963 7.178.07.207.07.431 0 .639C20.577 16.49 16.64 19.5 12 19.5c-4.638 0-8.573-3.007-9.963-7.178Z\" \/>\n                <path stroke-linecap=\"round\" stroke-linejoin=\"round\" d=\"M15 12a3 3 0 1 1-6 0 3 3 0 0 1 6 0Z\" \/>\n            <\/svg><span class=\"aiovg-views-count\">43<\/span><span class=\"aiovg-views-label\">views<\/span><\/div><\/div>       \n        \n        \n               \n\n         \n        \n            <\/div>    \n<\/div>            \r\n            <\/div>                \r\n                        \r\n            <div class=\"aiovg-item-video aiovg-item-video-3102 aiovg-col aiovg-col-3 aiovg-col-xs-2\" data-id=\"3102\">\r\n                \n<div class=\"aiovg-thumbnail aiovg-thumbnail-style-image-top\">\n    <a href=\"https:\/\/muzej-semic.si\/hr\/aiovg_videos\/kuca-muzej-semic-mjesto-istrazivanja-i-ideja\/\" class=\"aiovg-responsive-container\" style=\"padding-bottom: 56.25%;\"><img decoding=\"async\" src=\"https:\/\/muzej-semic.si\/wp-content\/uploads\/2022\/01\/Screenshot_2-300x151.png\" alt=\"Ku\u0107a muzej Semi\u010d - mjesto istra\u017eivanja i ideja\" class=\"aiovg-responsive-element\"\/><svg xmlns=\"http:\/\/www.w3.org\/2000\/svg\" fill=\"white\" width=\"40\" height=\"40\" viewBox=\"0 0 24 24\" class=\"aiovg-svg-icon-play aiovg-flex-shrink-0\">\n            <path fill-rule=\"evenodd\" d=\"M2.25 12c0-5.385 4.365-9.75 9.75-9.75s9.75 4.365 9.75 9.75-4.365 9.75-9.75 9.75S2.25 17.385 2.25 12Zm14.024-.983a1.125 1.125 0 0 1 0 1.966l-5.603 3.113A1.125 1.125 0 0 1 9 15.113V8.887c0-.857.921-1.4 1.671-.983l5.603 3.113Z\" clip-rule=\"evenodd\" \/>\n        <\/svg><\/a> \n    <div class=\"aiovg-caption\">\n                    <div class=\"aiovg-title\">\n                <a href=\"https:\/\/muzej-semic.si\/hr\/aiovg_videos\/kuca-muzej-semic-mjesto-istrazivanja-i-ideja\/\" class=\"aiovg-link-title\">Ku\u0107a muzej Semi\u010d &#8211; mjesto istra\u017eivanja i ideja<\/a>            <\/div>\n        \n        \n        <div class=\"aiovg-meta aiovg-flex aiovg-flex-wrap aiovg-gap-1 aiovg-items-center aiovg-text-small\"><div class=\"aiovg-views aiovg-flex aiovg-gap-1 aiovg-items-center\"><svg xmlns=\"http:\/\/www.w3.org\/2000\/svg\" fill=\"none\" width=\"16\" height=\"16\" viewBox=\"0 0 24 24\" stroke-width=\"1.5\" stroke=\"currentColor\" class=\"aiovg-flex-shrink-0\">\n                <path stroke-linecap=\"round\" stroke-linejoin=\"round\" d=\"M2.036 12.322a1.012 1.012 0 0 1 0-.639C3.423 7.51 7.36 4.5 12 4.5c4.638 0 8.573 3.007 9.963 7.178.07.207.07.431 0 .639C20.577 16.49 16.64 19.5 12 19.5c-4.638 0-8.573-3.007-9.963-7.178Z\" \/>\n                <path stroke-linecap=\"round\" stroke-linejoin=\"round\" d=\"M15 12a3 3 0 1 1-6 0 3 3 0 0 1 6 0Z\" \/>\n            <\/svg><span class=\"aiovg-views-count\">20<\/span><span class=\"aiovg-views-label\">views<\/span><\/div><\/div>       \n        \n        \n               \n\n         \n        \n            <\/div>    \n<\/div>            \r\n            <\/div>                \r\n                        \r\n            <div class=\"aiovg-item-video aiovg-item-video-3093 aiovg-col aiovg-col-3 aiovg-col-xs-2\" data-id=\"3093\">\r\n                \n<div class=\"aiovg-thumbnail aiovg-thumbnail-style-image-top\">\n    <a href=\"https:\/\/muzej-semic.si\/hr\/aiovg_videos\/misterion-semic-hr\/\" class=\"aiovg-responsive-container\" style=\"padding-bottom: 56.25%;\"><img decoding=\"async\" src=\"https:\/\/muzej-semic.si\/wp-content\/uploads\/2021\/11\/semic-slo-300x165.png\" alt=\"Misterion: Semi\u010d hr\" class=\"aiovg-responsive-element\"\/><div class=\"aiovg-duration\">1:30<\/div><svg xmlns=\"http:\/\/www.w3.org\/2000\/svg\" fill=\"white\" width=\"40\" height=\"40\" viewBox=\"0 0 24 24\" class=\"aiovg-svg-icon-play aiovg-flex-shrink-0\">\n            <path fill-rule=\"evenodd\" d=\"M2.25 12c0-5.385 4.365-9.75 9.75-9.75s9.75 4.365 9.75 9.75-4.365 9.75-9.75 9.75S2.25 17.385 2.25 12Zm14.024-.983a1.125 1.125 0 0 1 0 1.966l-5.603 3.113A1.125 1.125 0 0 1 9 15.113V8.887c0-.857.921-1.4 1.671-.983l5.603 3.113Z\" clip-rule=\"evenodd\" \/>\n        <\/svg><\/a> \n    <div class=\"aiovg-caption\">\n                    <div class=\"aiovg-title\">\n                <a href=\"https:\/\/muzej-semic.si\/hr\/aiovg_videos\/misterion-semic-hr\/\" class=\"aiovg-link-title\">Misterion: Semi\u010d hr<\/a>            <\/div>\n        \n        \n        <div class=\"aiovg-meta aiovg-flex aiovg-flex-wrap aiovg-gap-1 aiovg-items-center aiovg-text-small\"><div class=\"aiovg-views aiovg-flex aiovg-gap-1 aiovg-items-center\"><svg xmlns=\"http:\/\/www.w3.org\/2000\/svg\" fill=\"none\" width=\"16\" height=\"16\" viewBox=\"0 0 24 24\" stroke-width=\"1.5\" stroke=\"currentColor\" class=\"aiovg-flex-shrink-0\">\n                <path stroke-linecap=\"round\" stroke-linejoin=\"round\" d=\"M2.036 12.322a1.012 1.012 0 0 1 0-.639C3.423 7.51 7.36 4.5 12 4.5c4.638 0 8.573 3.007 9.963 7.178.07.207.07.431 0 .639C20.577 16.49 16.64 19.5 12 19.5c-4.638 0-8.573-3.007-9.963-7.178Z\" \/>\n                <path stroke-linecap=\"round\" stroke-linejoin=\"round\" d=\"M15 12a3 3 0 1 1-6 0 3 3 0 0 1 6 0Z\" \/>\n            <\/svg><span class=\"aiovg-views-count\">20<\/span><span class=\"aiovg-views-label\">views<\/span><\/div><\/div>       \n        \n        \n               \n\n         \n        \n            <\/div>    \n<\/div>            \r\n            <\/div>                \r\n                <\/div>\r\n    \r\n    <\/div><\/div><\/div><\/div><\/div><\/div><\/section><section class=\"kc-elm kc-css-470905 kc_row\"><div class=\"kc-row-container  kc-container\"><div class=\"kc-wrap-columns\"><\/div><\/div><\/section><\/p>\n","protected":false},"excerpt":{"rendered":"","protected":false},"author":1,"featured_media":0,"parent":0,"menu_order":0,"comment_status":"closed","ping_status":"closed","template":"tpl-king_composer.php","meta":{"footnotes":""},"class_list":["post-3096","page","type-page","status-publish","hentry"],"_links":{"self":[{"href":"https:\/\/muzej-semic.si\/hr\/wp-json\/wp\/v2\/pages\/3096","targetHints":{"allow":["GET"]}}],"collection":[{"href":"https:\/\/muzej-semic.si\/hr\/wp-json\/wp\/v2\/pages"}],"about":[{"href":"https:\/\/muzej-semic.si\/hr\/wp-json\/wp\/v2\/types\/page"}],"author":[{"embeddable":true,"href":"https:\/\/muzej-semic.si\/hr\/wp-json\/wp\/v2\/users\/1"}],"replies":[{"embeddable":true,"href":"https:\/\/muzej-semic.si\/hr\/wp-json\/wp\/v2\/comments?post=3096"}],"version-history":[{"count":2,"href":"https:\/\/muzej-semic.si\/hr\/wp-json\/wp\/v2\/pages\/3096\/revisions"}],"predecessor-version":[{"id":3101,"href":"https:\/\/muzej-semic.si\/hr\/wp-json\/wp\/v2\/pages\/3096\/revisions\/3101"}],"wp:attachment":[{"href":"https:\/\/muzej-semic.si\/hr\/wp-json\/wp\/v2\/media?parent=3096"}],"curies":[{"name":"wp","href":"https:\/\/api.w.org\/{rel}","templated":true}]}}