{"id":3116,"date":"2023-03-27T16:10:56","date_gmt":"2023-03-27T14:10:56","guid":{"rendered":"https:\/\/muzej-semic.si\/?page_id=3116"},"modified":"2023-03-27T16:17:08","modified_gmt":"2023-03-27T14:17:08","slug":"vinoteka","status":"publish","type":"page","link":"https:\/\/muzej-semic.si\/hr\/vinoteka\/","title":{"rendered":"Vinoteka"},"content":{"rendered":"<p><section class=\"kc-elm kc-css-523880 kc_row\"><div class=\"kc-row-container  kc-container\"><div class=\"kc-wrap-columns\"><div class=\"kc-elm kc-css-332430 kc_col-sm-12 kc_column kc_col-sm-12\"><div class=\"kc-col-container\"><div class=\"kc-elm kc-css-466530 kc_text_block\"><\/p>\n<h2 id=\"cas\" class=\"plan-visit__block-title__title\">O prostoru<\/h2>\n<p>Vinoteka Semi\u010d je prostor Udruge semi\u010dkih vinogradara gdje pripremaju degustacije belokrajnskih vina. Vinogradari sudjeluju u turisti\u010dkom projektu Otvorena vrata Bele krajine: petkom u ljetnim ve\u010derima organiziraju ugodna dru\u017eenja na kojima doma\u0107i semi\u0161ki vinari i drugi belokrajnski vinogradari nude ljubiteljima vina kapljicu vlastitog vina. Udruga organizira najmanje tri dru\u0161tvena doga\u0111anja s vinskom tematikom: ve\u010der ru\u017ei\u010dastih vina, \u017eutog mu\u0161kata&#8230; belokrajnskih dobavlja\u010da. Najzna\u010dajniji blagdan za vinogradare svakako je Martinje, kada se mo\u0161t pretvara u vino. Tada se odr\u017eava ocjenjivanje vina i nagra\u0111uju najbolja. Organiziraju i degustacije po narud\u017ebi.<\/p>\n<p>\n<\/div><\/div><\/div><\/div><\/div><\/section><section class=\"kc-elm kc-css-347209 kc_row\"><div class=\"kc-row-container  kc-container\"><div class=\"kc-wrap-columns\"><div class=\"kc-elm kc-css-87280 kc_col-sm-12 kc_column kc_col-sm-12\"><div class=\"kc-col-container\"><div class=\"kc-image-gallery kc-elm kc-css-504206\">\n<div class=\"kc_image_gallery kc-carousel-image kc-grid \" data-image_masonry=\"yes\">\n<div class=\"item-grid grid-3\"><a class=\"kc-image-link kc-pretty-photo\" data-lightbox=\"kc-lightbox\" rel=\"kc-pretty-photo[34771088]\" href=\"https:\/\/muzej-semic.si\/wp-content\/uploads\/2021\/11\/2020-Penine-Novina-15-scaled.jpg\"><img decoding=\"async\" src=\"https:\/\/muzej-semic.si\/wp-content\/uploads\/2021\/11\/2020-Penine-Novina-15-scaled.jpg\" alt=\"\"\/><\/a><\/div><div class=\"item-grid grid-3\"><a class=\"kc-image-link kc-pretty-photo\" data-lightbox=\"kc-lightbox\" rel=\"kc-pretty-photo[34771088]\" href=\"https:\/\/muzej-semic.si\/wp-content\/uploads\/2021\/11\/Vinoteka-Uros-R.-scaled.jpg\"><img decoding=\"async\" src=\"https:\/\/muzej-semic.si\/wp-content\/uploads\/2021\/11\/Vinoteka-Uros-R.-scaled.jpg\" alt=\"\"\/><\/a><\/div><div class=\"item-grid grid-3\"><a class=\"kc-image-link kc-pretty-photo\" data-lightbox=\"kc-lightbox\" rel=\"kc-pretty-photo[34771088]\" href=\"https:\/\/muzej-semic.si\/wp-content\/uploads\/2021\/11\/Vinoteka-Uros-R.-1-scaled.jpg\"><img decoding=\"async\" src=\"https:\/\/muzej-semic.si\/wp-content\/uploads\/2021\/11\/Vinoteka-Uros-R.-1-scaled.jpg\" alt=\"\"\/><\/a><\/div><div class=\"item-grid grid-3\"><a class=\"kc-image-link kc-pretty-photo\" data-lightbox=\"kc-lightbox\" rel=\"kc-pretty-photo[34771088]\" href=\"https:\/\/muzej-semic.si\/wp-content\/uploads\/2021\/11\/2020-Penine-Novina-13-scaled.jpg\"><img decoding=\"async\" src=\"https:\/\/muzej-semic.si\/wp-content\/uploads\/2021\/11\/2020-Penine-Novina-13-scaled.jpg\" alt=\"\"\/><\/a><\/div><div class=\"item-grid grid-3\"><a class=\"kc-image-link kc-pretty-photo\" data-lightbox=\"kc-lightbox\" rel=\"kc-pretty-photo[34771088]\" href=\"https:\/\/muzej-semic.si\/wp-content\/uploads\/2021\/11\/20210601_semic_muzej-889.jpg\"><img decoding=\"async\" src=\"https:\/\/muzej-semic.si\/wp-content\/uploads\/2021\/11\/20210601_semic_muzej-889.jpg\" alt=\"\"\/><\/a><\/div><div class=\"item-grid grid-3\"><a class=\"kc-image-link kc-pretty-photo\" data-lightbox=\"kc-lightbox\" rel=\"kc-pretty-photo[34771088]\" href=\"https:\/\/muzej-semic.si\/wp-content\/uploads\/2021\/11\/20210601_semic_muzej-785.jpg\"><img decoding=\"async\" src=\"https:\/\/muzej-semic.si\/wp-content\/uploads\/2021\/11\/20210601_semic_muzej-785.jpg\" alt=\"\"\/><\/a><\/div><div class=\"item-grid grid-3\"><a class=\"kc-image-link kc-pretty-photo\" data-lightbox=\"kc-lightbox\" rel=\"kc-pretty-photo[34771088]\" href=\"https:\/\/muzej-semic.si\/wp-content\/uploads\/2021\/11\/2021-vinoteka-Loncaric-2-scaled.jpg\"><img decoding=\"async\" src=\"https:\/\/muzej-semic.si\/wp-content\/uploads\/2021\/11\/2021-vinoteka-Loncaric-2-scaled.jpg\" alt=\"\"\/><\/a><\/div><div class=\"item-grid grid-3\"><a class=\"kc-image-link kc-pretty-photo\" data-lightbox=\"kc-lightbox\" rel=\"kc-pretty-photo[34771088]\" href=\"https:\/\/muzej-semic.si\/wp-content\/uploads\/2021\/11\/2020-vecer-rosjev-Novina-6-scaled.jpg\"><img decoding=\"async\" src=\"https:\/\/muzej-semic.si\/wp-content\/uploads\/2021\/11\/2020-vecer-rosjev-Novina-6-scaled.jpg\" alt=\"\"\/><\/a><\/div><div class=\"item-grid grid-3\"><a class=\"kc-image-link kc-pretty-photo\" data-lightbox=\"kc-lightbox\" rel=\"kc-pretty-photo[34771088]\" href=\"https:\/\/muzej-semic.si\/wp-content\/uploads\/2021\/11\/20210601_semic_muzej-841-2.jpg\"><img decoding=\"async\" src=\"https:\/\/muzej-semic.si\/wp-content\/uploads\/2021\/11\/20210601_semic_muzej-841-2.jpg\" alt=\"\"\/><\/a><\/div><div class=\"item-grid grid-3\"><a class=\"kc-image-link kc-pretty-photo\" data-lightbox=\"kc-lightbox\" rel=\"kc-pretty-photo[34771088]\" href=\"https:\/\/muzej-semic.si\/wp-content\/uploads\/2021\/11\/2020-Penine-Novina-22-scaled.jpg\"><img decoding=\"async\" src=\"https:\/\/muzej-semic.si\/wp-content\/uploads\/2021\/11\/2020-Penine-Novina-22-scaled.jpg\" alt=\"\"\/><\/a><\/div><div class=\"item-grid grid-3\"><a class=\"kc-image-link kc-pretty-photo\" data-lightbox=\"kc-lightbox\" rel=\"kc-pretty-photo[34771088]\" href=\"https:\/\/muzej-semic.si\/wp-content\/uploads\/2021\/11\/20210601_semic_muzej-753.jpg\"><img decoding=\"async\" src=\"https:\/\/muzej-semic.si\/wp-content\/uploads\/2021\/11\/20210601_semic_muzej-753.jpg\" alt=\"\"\/><\/a><\/div><div class=\"item-grid grid-3\"><a class=\"kc-image-link kc-pretty-photo\" data-lightbox=\"kc-lightbox\" rel=\"kc-pretty-photo[34771088]\" href=\"https:\/\/muzej-semic.si\/wp-content\/uploads\/2021\/11\/2020-Penine-Novina-6-scaled.jpg\"><img decoding=\"async\" src=\"https:\/\/muzej-semic.si\/wp-content\/uploads\/2021\/11\/2020-Penine-Novina-6-scaled.jpg\" alt=\"\"\/><\/a><\/div><div class=\"item-grid grid-3\"><a class=\"kc-image-link kc-pretty-photo\" data-lightbox=\"kc-lightbox\" rel=\"kc-pretty-photo[34771088]\" href=\"https:\/\/muzej-semic.si\/wp-content\/uploads\/2021\/11\/Vinoteka-Uros-R.-2-1-scaled.jpg\"><img decoding=\"async\" src=\"https:\/\/muzej-semic.si\/wp-content\/uploads\/2021\/11\/Vinoteka-Uros-R.-2-1-scaled.jpg\" alt=\"\"\/><\/a><\/div><\/div>\n<\/div><\/div><\/div><\/div><\/div><\/section><section class=\"kc-elm kc-css-739742 kc_row\"><div class=\"kc-row-container  kc-container\"><div class=\"kc-wrap-columns\"><div class=\"kc-elm kc-css-546214 kc_col-sm-12 kc_column kc_col-sm-12\"><div class=\"kc-col-container\"><div class=\"kc-contact-form7 kc-elm kc-css-865216\"><h2>Po\u0161aljite upit<\/h2>\n<div class=\"wpcf7 no-js\" id=\"wpcf7-f2920-o1\" lang=\"hr\" dir=\"ltr\" data-wpcf7-id=\"2920\">\n<div class=\"screen-reader-response\"><p role=\"status\" aria-live=\"polite\" aria-atomic=\"true\"><\/p> <ul><\/ul><\/div>\n<form action=\"\/hr\/wp-json\/wp\/v2\/pages\/3116#wpcf7-f2920-o1\" method=\"post\" class=\"wpcf7-form init\" aria-label=\"Contact form\" novalidate=\"novalidate\" data-status=\"init\">\n<fieldset class=\"hidden-fields-container\"><input type=\"hidden\" name=\"_wpcf7\" value=\"2920\" \/><input type=\"hidden\" name=\"_wpcf7_version\" value=\"6.1.5\" \/><input type=\"hidden\" name=\"_wpcf7_locale\" value=\"hr\" \/><input type=\"hidden\" name=\"_wpcf7_unit_tag\" value=\"wpcf7-f2920-o1\" \/><input type=\"hidden\" name=\"_wpcf7_container_post\" value=\"0\" \/><input type=\"hidden\" name=\"_wpcf7_posted_data_hash\" value=\"\" \/>\n<\/fieldset>\n<div class=\"row\">\n\t<div class=\"col-lg-6\">\n\t\t<p class=\"contact-one__field\"><br \/>\n<span class=\"wpcf7-form-control-wrap\" data-name=\"text-815\"><input size=\"40\" maxlength=\"400\" class=\"wpcf7-form-control wpcf7-text wpcf7-validates-as-required\" aria-required=\"true\" aria-invalid=\"false\" placeholder=\"Ime i prezime\" value=\"\" type=\"text\" name=\"text-815\" \/><\/span>\n\t\t<\/p>\n\t<\/div>\n\t<div class=\"col-lg-6\">\n\t<\/div>\n\t<div class=\"col-lg-6\">\n\t\t<p class=\"contact-one__field\"><br \/>\n<span class=\"wpcf7-form-control-wrap\" data-name=\"email-578\"><input size=\"40\" maxlength=\"400\" class=\"wpcf7-form-control wpcf7-email wpcf7-validates-as-required wpcf7-text wpcf7-validates-as-email\" aria-required=\"true\" aria-invalid=\"false\" placeholder=\"E-po\u0161ta\" value=\"\" type=\"email\" name=\"email-578\" \/><\/span><br \/>\n[f12_captcha f12_captcha-766 captcha:honey]\n\t\t<\/p>\n\t<\/div>\n\t<div class=\"col-lg-6\">\n\t<\/div>\n\t<div class=\"col-lg-12\">\n\t\t<p class=\"contact-one__field\"><br \/>\n<span class=\"wpcf7-form-control-wrap\" data-name=\"text-818\"><input size=\"40\" maxlength=\"400\" class=\"wpcf7-form-control wpcf7-text\" aria-invalid=\"false\" placeholder=\"Subjekt\" value=\"\" type=\"text\" name=\"text-818\" \/><\/span>\n\t\t<\/p>\n\t<\/div>\n\t<div class=\"col-lg-12\">\n\t\t<p class=\"contact-one__field\"><br \/>\n<label>Unesite tekst sa slike ispod:<\/label><br \/>\n<span class=\"wpcf7-form-control-wrap\" data-name=\"textarea-861\"><textarea cols=\"40\" rows=\"10\" maxlength=\"2000\" class=\"wpcf7-form-control wpcf7-textarea\" aria-invalid=\"false\" placeholder=\"Poruka\" name=\"textarea-861\"><\/textarea><\/span><br \/>\n[f12_captcha f12_captcha-766 captcha:image]<br \/>\n<button type=\"submit\" class=\"thm-btn contact-one__btn\">Po\u0161alji poruku<\/button>\n\t\t<\/p>\n\t<\/div>\n<\/div><div class=\"wpcf7-response-output\" aria-hidden=\"true\"><\/div>\n<\/form>\n<\/div>\n<\/div><\/div><\/div><\/div><\/div><\/section><\/p>\n","protected":false},"excerpt":{"rendered":"","protected":false},"author":1,"featured_media":0,"parent":0,"menu_order":0,"comment_status":"closed","ping_status":"closed","template":"tpl-king_composer.php","meta":{"footnotes":""},"class_list":["post-3116","page","type-page","status-publish","hentry"],"_links":{"self":[{"href":"https:\/\/muzej-semic.si\/hr\/wp-json\/wp\/v2\/pages\/3116","targetHints":{"allow":["GET"]}}],"collection":[{"href":"https:\/\/muzej-semic.si\/hr\/wp-json\/wp\/v2\/pages"}],"about":[{"href":"https:\/\/muzej-semic.si\/hr\/wp-json\/wp\/v2\/types\/page"}],"author":[{"embeddable":true,"href":"https:\/\/muzej-semic.si\/hr\/wp-json\/wp\/v2\/users\/1"}],"replies":[{"embeddable":true,"href":"https:\/\/muzej-semic.si\/hr\/wp-json\/wp\/v2\/comments?post=3116"}],"version-history":[{"count":4,"href":"https:\/\/muzej-semic.si\/hr\/wp-json\/wp\/v2\/pages\/3116\/revisions"}],"predecessor-version":[{"id":3128,"href":"https:\/\/muzej-semic.si\/hr\/wp-json\/wp\/v2\/pages\/3116\/revisions\/3128"}],"wp:attachment":[{"href":"https:\/\/muzej-semic.si\/hr\/wp-json\/wp\/v2\/media?parent=3116"}],"curies":[{"name":"wp","href":"https:\/\/api.w.org\/{rel}","templated":true}]}}